{"id":2290,"date":"2022-02-07T17:08:09","date_gmt":"2022-02-07T15:08:09","guid":{"rendered":"https:\/\/filmsenoff.com\/privacy-policy\/"},"modified":"2022-05-23T11:18:35","modified_gmt":"2022-05-23T09:18:35","slug":"privacy-policy","status":"publish","type":"page","link":"https:\/\/filmsenoff.com\/en\/privacy-policy\/","title":{"rendered":"Privacy Policy"},"content":{"rendered":"<div class=\"fusion-fullwidth fullwidth-box fusion-builder-row-1 fusion-flex-container nonhundred-percent-fullwidth non-hundred-percent-height-scrolling\" style=\"background-color: rgba(255,255,255,0);background-position: center center;background-repeat: no-repeat;border-width: 0px 0px 0px 0px;border-color:#e2e2e2;border-style:solid;\" ><div class=\"fusion-builder-row fusion-row fusion-flex-align-items-flex-start\" style=\"max-width:1404px;margin-left: calc(-4% \/ 2 );margin-right: calc(-4% \/ 2 );\"><div class=\"fusion-layout-column fusion_builder_column fusion-builder-column-0 fusion_builder_column_1_1 1_1 fusion-flex-column\"><div class=\"fusion-column-wrapper fusion-flex-justify-content-flex-start fusion-content-layout-column\" style=\"background-position:left top;background-repeat:no-repeat;-webkit-background-size:cover;-moz-background-size:cover;-o-background-size:cover;background-size:cover;padding: 0px 0px 0px 0px;\"><div class=\"fusion-text fusion-text-1\" style=\"transform:translate3d(0,0,0);\"><div>\n<h2 style=\"text-align: center;\"><\/h2>\n<\/div>\n<div><\/div>\n<div>\n<div>\n<div>\n<h2 style=\"text-align: center;\">POL\u00cdTICA DE PRIVADESA<\/h2>\n<\/div>\n<div><\/div>\n<div>\n<p>De acuerdo con lo establecido en el Reglamento General de Protecci\u00f3n de Datos 2016\/679 (RGPD) y la Ley Org\u00e1nica 3\/2018, de 5 de diciembre, de Protecci\u00f3n de Datos Personales y Garant\u00eda de los Derechos Digitales, le informamos que trataremos sus datos personales con la finalidad de realizar la <strong><em>gesti\u00f3n administrativa, contable y fiscal<\/em><\/strong><em>, <strong>as\u00ed como enviarle comunicaciones comerciales sobre nuestros productos y\/o servicios<\/strong><\/em>. Los datos proporcionados se conservar\u00e1n mientras se mantenga la relaci\u00f3n comercial o durante el tiempo necesario para cumplir con las obligaciones legales. Los datos no se ceder\u00e1n a terceros salvo en los casos en que exista una obligaci\u00f3n legal y <strong><em>los trataremos en base a la ejecuci\u00f3n de un contrato o por obligaci\u00f3n legal.<\/em><\/strong><\/p>\n<p>Asimismo, le informamos de la posibilidad de ejercer los siguientes derechos sobre sus datos personales: derecho de acceso, rectificaci\u00f3n, supresi\u00f3n u olvido, limitaci\u00f3n, oposici\u00f3n, portabilidad y a retirar el consentimiento prestado.<\/p>\n<p>Para ello podr\u00e1 enviar un email a: <strong>comunicacio@filmsenoff.cat<\/strong> o dirigir un escrito a\u00a0 FILMS EN OFF S.L.\u00a0 MONTSENY 49 PPAL 3\u00aa &#8211; 08012 &#8211; BARCELONA &#8211; BARCELONA<\/p>\n<p>Adem\u00e1s, el interesado puede dirigirse a la Autoridad de Control en materia de Protecci\u00f3n de Datos competente para obtener informaci\u00f3n adicional o presentar una reclamaci\u00f3n.<\/p>\n<p>Datos identificativos:<\/p>\n<p>FILMS EN OFF S.L., B09772641, MONTSENY 49 PPAL 3\u00aa &#8211; 08012 &#8211; BARCELONA &#8211; BARCELONA, 931992503<\/p>\n<\/div>\n<p style=\"text-align: center;\"><strong>POLITICA DE COOKIES<\/strong><\/p>\n<p>Este sitio web utiliza cookies que permiten el funcionamiento y la prestaci\u00f3n de los servicios ofrecidos en el mismo, dichas cookies quedan excluidas del \u00e1mbito de aplicaci\u00f3n del art\u00edculo 22.2 de la LSSI, y, por lo tanto, no es necesario obtener el consentimiento sobre su uso.<\/p>\n<p>Detalle de la cookies utilizadas:<\/p>\n<p>&#8211; Cookies de entrada del usuario.<\/p>\n<p>&#8211; Cookies de autenticaci\u00f3n o identificaci\u00f3n de usuario (\u00fanicamente de sesi\u00f3n).<\/p>\n<p>&#8211; Cookies de seguridad del usuario.<\/p>\n<p>&#8211; Cookies de sesi\u00f3n de reproductor multimedia.<\/p>\n<p>&#8211; Cookies de sesi\u00f3n para equilibrar la carga.<\/p>\n<p>&#8211; Cookies de personalizaci\u00f3n de la interfaz de usuario.<\/p>\n<p>&#8211; Determinadas cookies de complemento (plug-in) para intercambiar Contenidos Sociales.<\/p>\n<\/div>\n<\/div>\n<\/div><\/div><\/div><style type=\"text\/css\">.fusion-body .fusion-builder-column-0{width:100% !important;margin-top : 0px;margin-bottom : 0px;}.fusion-builder-column-0 > .fusion-column-wrapper {padding-top : 0px !important;padding-right : 0px !important;margin-right : 1.92%;padding-bottom : 0px !important;padding-left : 0px !important;margin-left : 1.92%;}@media only screen and (max-width:900px) {.fusion-body .fusion-builder-column-0{width:100% !important;}.fusion-builder-column-0 > .fusion-column-wrapper {margin-right : 1.92%;margin-left : 1.92%;}}@media only screen and (max-width:640px) {.fusion-body .fusion-builder-column-0{width:100% !important;}.fusion-builder-column-0 > .fusion-column-wrapper {margin-right : 1.92%;margin-left : 1.92%;}}<\/style><\/div><style type=\"text\/css\">.fusion-body .fusion-flex-container.fusion-builder-row-1{ padding-top : 0px;margin-top : 0px;padding-right : 0px;padding-bottom : 0px;margin-bottom : 0px;padding-left : 0px;}<\/style><\/div>\n","protected":false},"excerpt":{"rendered":"","protected":false},"author":1,"featured_media":0,"parent":0,"menu_order":0,"comment_status":"closed","ping_status":"closed","template":"100-width.php","meta":{"footnotes":""},"class_list":["post-2290","page","type-page","status-publish","hentry"],"yoast_head":"<!-- This site is optimized with the Yoast SEO plugin v24.7 - https:\/\/yoast.com\/wordpress\/plugins\/seo\/ -->\n<title>Privacy Policy - FILMS EN OFF<\/title>\n<meta name=\"robots\" content=\"index, follow, max-snippet:-1, max-image-preview:large, max-video-preview:-1\" \/>\n<link rel=\"canonical\" href=\"https:\/\/filmsenoff.com\/en\/politica-de-privadesa\/\" \/>\n<meta property=\"og:locale\" content=\"en_US\" \/>\n<meta property=\"og:type\" content=\"article\" \/>\n<meta property=\"og:title\" content=\"Privacy Policy - FILMS EN OFF\" \/>\n<meta property=\"og:url\" content=\"https:\/\/filmsenoff.com\/politica-de-privadesa\/\" \/>\n<meta property=\"og:site_name\" content=\"FILMS EN OFF\" \/>\n<meta property=\"article:modified_time\" content=\"2022-05-23T09:18:35+00:00\" \/>\n<meta name=\"twitter:card\" content=\"summary_large_image\" \/>\n<meta name=\"twitter:label1\" content=\"Est. reading time\" \/>\n\t<meta name=\"twitter:data1\" content=\"3 minutes\" \/>\n<script type=\"application\/ld+json\" class=\"yoast-schema-graph\">{\"@context\":\"https:\/\/schema.org\",\"@graph\":[{\"@type\":\"WebPage\",\"@id\":\"https:\/\/filmsenoff.com\/politica-de-privadesa\/\",\"url\":\"https:\/\/filmsenoff.com\/politica-de-privadesa\/\",\"name\":\"Privacy Policy - FILMS EN OFF\",\"isPartOf\":{\"@id\":\"https:\/\/filmsenoff.com\/#website\"},\"datePublished\":\"2022-02-07T15:08:09+00:00\",\"dateModified\":\"2022-05-23T09:18:35+00:00\",\"breadcrumb\":{\"@id\":\"https:\/\/filmsenoff.com\/politica-de-privadesa\/#breadcrumb\"},\"inLanguage\":\"en-US\",\"potentialAction\":[{\"@type\":\"ReadAction\",\"target\":[\"https:\/\/filmsenoff.com\/politica-de-privadesa\/\"]}]},{\"@type\":\"BreadcrumbList\",\"@id\":\"https:\/\/filmsenoff.com\/politica-de-privadesa\/#breadcrumb\",\"itemListElement\":[{\"@type\":\"ListItem\",\"position\":1,\"name\":\"Portada\",\"item\":\"https:\/\/filmsenoff.com\/en\/\"},{\"@type\":\"ListItem\",\"position\":2,\"name\":\"Privacy Policy\"}]},{\"@type\":\"WebSite\",\"@id\":\"https:\/\/filmsenoff.com\/#website\",\"url\":\"https:\/\/filmsenoff.com\/\",\"name\":\"FILMS EN OFF\",\"description\":\"Creiem en el cinema\",\"potentialAction\":[{\"@type\":\"SearchAction\",\"target\":{\"@type\":\"EntryPoint\",\"urlTemplate\":\"https:\/\/filmsenoff.com\/?s={search_term_string}\"},\"query-input\":{\"@type\":\"PropertyValueSpecification\",\"valueRequired\":true,\"valueName\":\"search_term_string\"}}],\"inLanguage\":\"en-US\"}]}<\/script>\n<!-- \/ Yoast SEO plugin. -->","yoast_head_json":{"title":"Privacy Policy - FILMS EN OFF","robots":{"index":"index","follow":"follow","max-snippet":"max-snippet:-1","max-image-preview":"max-image-preview:large","max-video-preview":"max-video-preview:-1"},"canonical":"https:\/\/filmsenoff.com\/en\/politica-de-privadesa\/","og_locale":"en_US","og_type":"article","og_title":"Privacy Policy - FILMS EN OFF","og_url":"https:\/\/filmsenoff.com\/politica-de-privadesa\/","og_site_name":"FILMS EN OFF","article_modified_time":"2022-05-23T09:18:35+00:00","twitter_card":"summary_large_image","twitter_misc":{"Est. reading time":"3 minutes"},"schema":{"@context":"https:\/\/schema.org","@graph":[{"@type":"WebPage","@id":"https:\/\/filmsenoff.com\/politica-de-privadesa\/","url":"https:\/\/filmsenoff.com\/politica-de-privadesa\/","name":"Privacy Policy - FILMS EN OFF","isPartOf":{"@id":"https:\/\/filmsenoff.com\/#website"},"datePublished":"2022-02-07T15:08:09+00:00","dateModified":"2022-05-23T09:18:35+00:00","breadcrumb":{"@id":"https:\/\/filmsenoff.com\/politica-de-privadesa\/#breadcrumb"},"inLanguage":"en-US","potentialAction":[{"@type":"ReadAction","target":["https:\/\/filmsenoff.com\/politica-de-privadesa\/"]}]},{"@type":"BreadcrumbList","@id":"https:\/\/filmsenoff.com\/politica-de-privadesa\/#breadcrumb","itemListElement":[{"@type":"ListItem","position":1,"name":"Portada","item":"https:\/\/filmsenoff.com\/en\/"},{"@type":"ListItem","position":2,"name":"Privacy Policy"}]},{"@type":"WebSite","@id":"https:\/\/filmsenoff.com\/#website","url":"https:\/\/filmsenoff.com\/","name":"FILMS EN OFF","description":"Creiem en el cinema","potentialAction":[{"@type":"SearchAction","target":{"@type":"EntryPoint","urlTemplate":"https:\/\/filmsenoff.com\/?s={search_term_string}"},"query-input":{"@type":"PropertyValueSpecification","valueRequired":true,"valueName":"search_term_string"}}],"inLanguage":"en-US"}]}},"_links":{"self":[{"href":"https:\/\/filmsenoff.com\/en\/wp-json\/wp\/v2\/pages\/2290","targetHints":{"allow":["GET"]}}],"collection":[{"href":"https:\/\/filmsenoff.com\/en\/wp-json\/wp\/v2\/pages"}],"about":[{"href":"https:\/\/filmsenoff.com\/en\/wp-json\/wp\/v2\/types\/page"}],"author":[{"embeddable":true,"href":"https:\/\/filmsenoff.com\/en\/wp-json\/wp\/v2\/users\/1"}],"replies":[{"embeddable":true,"href":"https:\/\/filmsenoff.com\/en\/wp-json\/wp\/v2\/comments?post=2290"}],"version-history":[{"count":6,"href":"https:\/\/filmsenoff.com\/en\/wp-json\/wp\/v2\/pages\/2290\/revisions"}],"predecessor-version":[{"id":2695,"href":"https:\/\/filmsenoff.com\/en\/wp-json\/wp\/v2\/pages\/2290\/revisions\/2695"}],"wp:attachment":[{"href":"https:\/\/filmsenoff.com\/en\/wp-json\/wp\/v2\/media?parent=2290"}],"curies":[{"name":"wp","href":"https:\/\/api.w.org\/{rel}","templated":true}]}}