{"id":2293,"date":"2022-02-07T17:11:47","date_gmt":"2022-02-07T15:11:47","guid":{"rendered":"https:\/\/filmsenoff.com\/cookies-policy\/"},"modified":"2022-02-07T17:11:47","modified_gmt":"2022-02-07T15:11:47","slug":"cookies-policy","status":"publish","type":"page","link":"https:\/\/filmsenoff.com\/en\/cookies-policy\/","title":{"rendered":"Cookies policy"},"content":{"rendered":"<div class=\"fusion-fullwidth fullwidth-box fusion-builder-row-1 fusion-flex-container nonhundred-percent-fullwidth non-hundred-percent-height-scrolling\" style=\"background-color: rgba(255,255,255,0);background-position: center center;background-repeat: no-repeat;border-width: 0px 0px 0px 0px;border-color:#e2e2e2;border-style:solid;\" ><div class=\"fusion-builder-row fusion-row fusion-flex-align-items-flex-start\" style=\"max-width:1404px;margin-left: calc(-4% \/ 2 );margin-right: calc(-4% \/ 2 );\"><div class=\"fusion-layout-column fusion_builder_column fusion-builder-column-0 fusion_builder_column_1_1 1_1 fusion-flex-column\"><div class=\"fusion-column-wrapper fusion-flex-justify-content-flex-start fusion-content-layout-column\" style=\"background-position:left top;background-repeat:no-repeat;-webkit-background-size:cover;-moz-background-size:cover;-o-background-size:cover;background-size:cover;padding: 0px 0px 0px 0px;\"><div class=\"fusion-text fusion-text-1\" style=\"transform:translate3d(0,0,0);\"><h2><strong><span>COOKIES POLICY<\/span><\/strong><\/h2>\n<p><span>This website uses cookies to improve the user experience.\u00a0Below you will find information about what cookies are, what type of cookies this page uses, how you can disable cookies in your browser and how to specifically disable the installation of third-party cookies.\u00a0If you do not find the specific information you are looking for, please send an email to\u00a0<\/span><b><span>comunicacio@filmsenoff.cat<\/span><\/b><span>\u00a0.<\/span><\/p>\n<h3><strong><span>What are cookies?<\/span><\/strong><\/h3>\n<p><span>Cookies are useful for a variety of reasons.\u00a0From a technical point of view, they allow web pages to work more agile and tailored to your preferences, such as storing your language or your country&#8217;s currency.\u00a0In addition, they help website managers to improve the services they offer, thanks to the statistical information they collect through them and serve to make the advertising we can show you more efficient.<\/span><\/p>\n<h3><strong><span>What use do we give to different types of cookies?<\/span><\/strong><\/h3>\n<p><strong><span>Session<\/span><\/strong><span>\u00a0cookies: Session cookies are those that last as long as the user is browsing the website and are deleted at the end.<\/span><\/p>\n<p><strong><span>Persistent cookies:<\/span><\/strong><span>\u00a0These cookies are stored in the user&#8217;s terminal, for a longer time, thus facilitating the control of the chosen preferences without having to repeat certain parameters each time the website is visited.<\/span><\/p>\n<p><strong><span>Own cookies:<\/span><\/strong><span>\u00a0These are cookies created by the website and which can only be read by the website itself.\u00a0For example: technical cookies for uploading images, cookies for customizing web settings, traffic analysis cookies, etc.<\/span><\/p>\n<p><strong><span>Third-party cookies:<\/span><\/strong><span>\u00a0These are cookies created by third parties and used by different services (eg website analysis or advertising).<\/span><\/p>\n<p><span>According to its purpose:<\/span><\/p>\n<p><strong><span>Technical cookies:<\/span><\/strong><span>\u00a0Technical cookies are those that are essential and strictly necessary for the correct operation of a web portal and the use of the different options and services it offers.\u00a0For example, those used for session maintenance, response time management, performance or validation of options, using security features, sharing content on social media, and so on.<\/span><\/p>\n<p><strong><span>Personalization cookies:<\/span><\/strong><span>\u00a0These cookies allow the user to specify or customize some features of the general options of the website, for example, define the language, regional settings or browser type.<\/span><\/p>\n<p><strong>Cookies anal\u00edtiques:<\/strong>\u00a0Les cookies anal\u00edtiques s\u00f3n les utilitzades pel nostre portal web, per elaborar perfils de navegaci\u00f3 i poder con\u00e8ixer les prefer\u00e8ncies dels usuaris del mateix per tal de millorar l&#8217;oferta de productes i serveis. Per exemple, mitjan\u00e7ant una cookie anal\u00edtica es controlarien les \u00e0rees geogr\u00e0fiques de major inter\u00e8s d&#8217;un usuari, quin \u00e9s el producte de m\u00e9s acceptaci\u00f3, etc.<\/p>\n<p><strong><span>Advertising cookies:<\/span><\/strong><span>\u00a0Advertising cookies allow the management of advertising spaces based on specific criteria.\u00a0For example, the frequency of access, the edited content, etc. Advertising cookies allow through the management of advertising to store behavioral information through the observation of habits, studying access and forming a profile of preferences of the user, to offer advertising related to the interests of their profile.<\/span><\/p>\n<\/div><\/div><\/div><style type=\"text\/css\">.fusion-body .fusion-builder-column-0{width:100% !important;margin-top : 0px;margin-bottom : 0px;}.fusion-builder-column-0 > .fusion-column-wrapper {padding-top : 0px !important;padding-right : 0px !important;margin-right : 1.92%;padding-bottom : 0px !important;padding-left : 0px !important;margin-left : 1.92%;}@media only screen and (max-width:900px) {.fusion-body .fusion-builder-column-0{width:100% !important;}.fusion-builder-column-0 > .fusion-column-wrapper {margin-right : 1.92%;margin-left : 1.92%;}}@media only screen and (max-width:640px) {.fusion-body .fusion-builder-column-0{width:100% !important;}.fusion-builder-column-0 > .fusion-column-wrapper {margin-right : 1.92%;margin-left : 1.92%;}}<\/style><\/div><style type=\"text\/css\">.fusion-body .fusion-flex-container.fusion-builder-row-1{ padding-top : 0px;margin-top : 0px;padding-right : 0px;padding-bottom : 0px;margin-bottom : 0px;padding-left : 0px;}<\/style><\/div>\n","protected":false},"excerpt":{"rendered":"","protected":false},"author":1,"featured_media":0,"parent":0,"menu_order":0,"comment_status":"closed","ping_status":"closed","template":"100-width.php","meta":{"footnotes":""},"class_list":["post-2293","page","type-page","status-publish","hentry"],"yoast_head":"<!-- This site is optimized with the Yoast SEO plugin v24.7 - https:\/\/yoast.com\/wordpress\/plugins\/seo\/ -->\n<title>Cookies policy - FILMS EN OFF<\/title>\n<meta name=\"robots\" content=\"index, follow, max-snippet:-1, max-image-preview:large, max-video-preview:-1\" \/>\n<link rel=\"canonical\" href=\"https:\/\/filmsenoff.com\/en\/politica-de-cookies\/\" \/>\n<meta property=\"og:locale\" content=\"en_US\" \/>\n<meta property=\"og:type\" content=\"article\" \/>\n<meta property=\"og:title\" content=\"Cookies policy - FILMS EN OFF\" \/>\n<meta property=\"og:url\" content=\"https:\/\/filmsenoff.com\/politica-de-cookies\/\" \/>\n<meta property=\"og:site_name\" content=\"FILMS EN OFF\" \/>\n<meta name=\"twitter:card\" content=\"summary_large_image\" \/>\n<meta name=\"twitter:label1\" content=\"Est. reading time\" \/>\n\t<meta name=\"twitter:data1\" content=\"3 minutes\" \/>\n<script type=\"application\/ld+json\" class=\"yoast-schema-graph\">{\"@context\":\"https:\/\/schema.org\",\"@graph\":[{\"@type\":\"WebPage\",\"@id\":\"https:\/\/filmsenoff.com\/politica-de-cookies\/\",\"url\":\"https:\/\/filmsenoff.com\/politica-de-cookies\/\",\"name\":\"Cookies policy - FILMS EN OFF\",\"isPartOf\":{\"@id\":\"https:\/\/filmsenoff.com\/#website\"},\"datePublished\":\"2022-02-07T15:11:47+00:00\",\"breadcrumb\":{\"@id\":\"https:\/\/filmsenoff.com\/politica-de-cookies\/#breadcrumb\"},\"inLanguage\":\"en-US\",\"potentialAction\":[{\"@type\":\"ReadAction\",\"target\":[\"https:\/\/filmsenoff.com\/politica-de-cookies\/\"]}]},{\"@type\":\"BreadcrumbList\",\"@id\":\"https:\/\/filmsenoff.com\/politica-de-cookies\/#breadcrumb\",\"itemListElement\":[{\"@type\":\"ListItem\",\"position\":1,\"name\":\"Portada\",\"item\":\"https:\/\/filmsenoff.com\/en\/\"},{\"@type\":\"ListItem\",\"position\":2,\"name\":\"Cookies policy\"}]},{\"@type\":\"WebSite\",\"@id\":\"https:\/\/filmsenoff.com\/#website\",\"url\":\"https:\/\/filmsenoff.com\/\",\"name\":\"FILMS EN OFF\",\"description\":\"Creiem en el cinema\",\"potentialAction\":[{\"@type\":\"SearchAction\",\"target\":{\"@type\":\"EntryPoint\",\"urlTemplate\":\"https:\/\/filmsenoff.com\/?s={search_term_string}\"},\"query-input\":{\"@type\":\"PropertyValueSpecification\",\"valueRequired\":true,\"valueName\":\"search_term_string\"}}],\"inLanguage\":\"en-US\"}]}<\/script>\n<!-- \/ Yoast SEO plugin. -->","yoast_head_json":{"title":"Cookies policy - FILMS EN OFF","robots":{"index":"index","follow":"follow","max-snippet":"max-snippet:-1","max-image-preview":"max-image-preview:large","max-video-preview":"max-video-preview:-1"},"canonical":"https:\/\/filmsenoff.com\/en\/politica-de-cookies\/","og_locale":"en_US","og_type":"article","og_title":"Cookies policy - FILMS EN OFF","og_url":"https:\/\/filmsenoff.com\/politica-de-cookies\/","og_site_name":"FILMS EN OFF","twitter_card":"summary_large_image","twitter_misc":{"Est. reading time":"3 minutes"},"schema":{"@context":"https:\/\/schema.org","@graph":[{"@type":"WebPage","@id":"https:\/\/filmsenoff.com\/politica-de-cookies\/","url":"https:\/\/filmsenoff.com\/politica-de-cookies\/","name":"Cookies policy - FILMS EN OFF","isPartOf":{"@id":"https:\/\/filmsenoff.com\/#website"},"datePublished":"2022-02-07T15:11:47+00:00","breadcrumb":{"@id":"https:\/\/filmsenoff.com\/politica-de-cookies\/#breadcrumb"},"inLanguage":"en-US","potentialAction":[{"@type":"ReadAction","target":["https:\/\/filmsenoff.com\/politica-de-cookies\/"]}]},{"@type":"BreadcrumbList","@id":"https:\/\/filmsenoff.com\/politica-de-cookies\/#breadcrumb","itemListElement":[{"@type":"ListItem","position":1,"name":"Portada","item":"https:\/\/filmsenoff.com\/en\/"},{"@type":"ListItem","position":2,"name":"Cookies policy"}]},{"@type":"WebSite","@id":"https:\/\/filmsenoff.com\/#website","url":"https:\/\/filmsenoff.com\/","name":"FILMS EN OFF","description":"Creiem en el cinema","potentialAction":[{"@type":"SearchAction","target":{"@type":"EntryPoint","urlTemplate":"https:\/\/filmsenoff.com\/?s={search_term_string}"},"query-input":{"@type":"PropertyValueSpecification","valueRequired":true,"valueName":"search_term_string"}}],"inLanguage":"en-US"}]}},"_links":{"self":[{"href":"https:\/\/filmsenoff.com\/en\/wp-json\/wp\/v2\/pages\/2293","targetHints":{"allow":["GET"]}}],"collection":[{"href":"https:\/\/filmsenoff.com\/en\/wp-json\/wp\/v2\/pages"}],"about":[{"href":"https:\/\/filmsenoff.com\/en\/wp-json\/wp\/v2\/types\/page"}],"author":[{"embeddable":true,"href":"https:\/\/filmsenoff.com\/en\/wp-json\/wp\/v2\/users\/1"}],"replies":[{"embeddable":true,"href":"https:\/\/filmsenoff.com\/en\/wp-json\/wp\/v2\/comments?post=2293"}],"version-history":[{"count":2,"href":"https:\/\/filmsenoff.com\/en\/wp-json\/wp\/v2\/pages\/2293\/revisions"}],"predecessor-version":[{"id":2295,"href":"https:\/\/filmsenoff.com\/en\/wp-json\/wp\/v2\/pages\/2293\/revisions\/2295"}],"wp:attachment":[{"href":"https:\/\/filmsenoff.com\/en\/wp-json\/wp\/v2\/media?parent=2293"}],"curies":[{"name":"wp","href":"https:\/\/api.w.org\/{rel}","templated":true}]}}