{"id":2070,"date":"2022-01-24T18:01:17","date_gmt":"2022-01-24T16:01:17","guid":{"rendered":"https:\/\/filmsenoff.com\/?page_id=2070"},"modified":"2022-05-23T11:19:15","modified_gmt":"2022-05-23T09:19:15","slug":"aviso-legal-y-condiciones-de-uso-del-portal","status":"publish","type":"page","link":"https:\/\/filmsenoff.com\/es\/aviso-legal-y-condiciones-de-uso-del-portal\/","title":{"rendered":"Aviso legal y condiciones de uso del portal"},"content":{"rendered":"<div class=\"fusion-fullwidth fullwidth-box fusion-builder-row-1 fusion-flex-container nonhundred-percent-fullwidth non-hundred-percent-height-scrolling\" style=\"background-color: rgba(255,255,255,0);background-position: center center;background-repeat: no-repeat;border-width: 0px 0px 0px 0px;border-color:#e2e2e2;border-style:solid;\" ><div class=\"fusion-builder-row fusion-row fusion-flex-align-items-flex-start\" style=\"max-width:1404px;margin-left: calc(-4% \/ 2 );margin-right: calc(-4% \/ 2 );\"><div class=\"fusion-layout-column fusion_builder_column fusion-builder-column-0 fusion_builder_column_1_1 1_1 fusion-flex-column\"><div class=\"fusion-column-wrapper fusion-flex-justify-content-flex-start fusion-content-layout-column\" style=\"background-position:left top;background-repeat:no-repeat;-webkit-background-size:cover;-moz-background-size:cover;-o-background-size:cover;background-size:cover;padding: 0px 0px 0px 0px;\"><div class=\"fusion-text fusion-text-1\" style=\"transform:translate3d(0,0,0);\"><div class=\"fusion-column-wrapper fusion-flex-justify-content-flex-start fusion-content-layout-column\" style=\"background-position: left top; background-repeat: no-repeat; background-size: cover; padding: 0px; min-height: 0px;\">\n<div class=\"fusion-text fusion-text-1\" style=\"transform: translate3d(0,0,0);\">\n<div>\n<h2 class=\"fusion-responsive-typography-calculated\" style=\"text-align: center; --fontsize: 44; line-height: 1.26;\" data-fontsize=\"44\" data-lineheight=\"55.44px\"><span style=\"vertical-align: inherit;\"><span style=\"vertical-align: inherit;\">AVISO LEGAL Y CONDICIONES DE USO DEL PORTAL<\/span><\/span><\/h2>\n<\/div>\n<div>\n<p><strong><em>AVISO LEGAL:<\/em><\/strong><\/p>\n<p><strong><em>En cumplimiento del art\u00edculo 10 de la Ley 34\/2002, de \u00a011 de julio, de Servicios de la Sociedad de la Informaci\u00f3n y Comercio Electr\u00f3nico (LSSICE) a continuaci\u00f3n se detallan los datos identificativos de la entidad:<\/em><\/strong><\/p>\n<p>&nbsp;<\/p>\n<p>&nbsp;<\/p>\n<p><strong><em>Raz\u00f3n social: FILMS EN OFF S.L.<\/em><\/strong><\/p>\n<p><strong><em>NIF: B09772641<\/em><\/strong><\/p>\n<p><strong><em>Direcci\u00f3n: MONTSENY 49 PPAL 3\u00aa &#8211; 08012 &#8211; BARCELONA &#8211; BARCELONA<\/em><\/strong><\/p>\n<p><strong><em>Tel\u00e9fono: 931992503<\/em><\/strong><\/p>\n<p><strong><em>Email: comunicacio@filmsenoff.cat<\/em><\/strong><\/p>\n<p>&nbsp;<\/p>\n<p>&nbsp;<\/p>\n<p><strong><em>FINALIDAD DE LA P\u00c1GINA WEB.<\/em><\/strong><\/p>\n<p><strong><em><u>Aqu\u00ed debe describir la finalidad o actividad de la web o de la entidad. Precios de los productos o servicios que se ofrecen a trav\u00e9s de la web, con indicaci\u00f3n de los impuestos y gastos de env\u00edo.<\/u><\/em><\/strong><\/p>\n<p><em><strong>Esta web tiene como finalidad la difusi\u00f3n de servicios de producci\u00f3n y formaci\u00f3n cinematogr\u00e1fica y art\u00edstica. Los servicios formativos carecen de IVA. Los precios se especif\u00edcan en cada servicio ofertado de venta directa en esta misma web.\u00a0<\/strong><\/em><\/p>\n<p><strong><em>El presente aviso legal (en adelante, el \u00abAviso Legal\u00bb) regula el uso del sitio web: www.filmsenoff.cat<\/em><\/strong><\/p>\n<p>&nbsp;<\/p>\n<p><strong><em>LEGISLACI\u00d3N.<\/em><\/strong><\/p>\n<p><strong><em>Con car\u00e1cter general las relaciones entre FILMS EN OFF S.L.\u00a0 y los Usuarios de sus servicios telem\u00e1ticos, presentes en este sitio web, se encuentran sometidas a la legislaci\u00f3n y jurisdicci\u00f3n espa\u00f1olas.<\/em><\/strong><\/p>\n<p>&nbsp;<\/p>\n<p><strong><em>USO Y ACCESO DE USUARIOS.<\/em><\/strong><\/p>\n<p><strong><em>El Usuario queda informado, y acepta, que el acceso a la presente web no supone, en modo alguno, el inicio de una relaci\u00f3n comercial con FILMS EN OFF S.L.\u00a0 o cualquiera de sus delegaciones.<\/em><\/strong><\/p>\n<p>&nbsp;<\/p>\n<p><strong><em>PROPIEDAD INTELECTUAL E INDUSTRIAL.<\/em><\/strong><\/p>\n<p><strong><em>Los derechos de propiedad intelectual del contenido de las p\u00e1ginas web, su dise\u00f1o gr\u00e1fico y c\u00f3digos son titularidad de FILMS EN OFF S.L.\u00a0 y, por tanto, queda prohibida su reproducci\u00f3n, distribuci\u00f3n, comunicaci\u00f3n p\u00fablica, transformaci\u00f3n o cualquier otra actividad que se pueda realizar con los contenidos de sus p\u00e1ginas web ni aun citando las fuentes, salvo consentimiento por escrito de FILMS EN OFF S.L. .<\/em><\/strong><\/p>\n<p>&nbsp;<\/p>\n<p><strong><em>CONTENIDO DE LA WEB Y ENLACES (LINKS).<\/em><\/strong><\/p>\n<p><strong><em>FILMS EN OFF S.L.\u00a0 \u00a0se reserva el derecho a actualizar, modificar o eliminar la informaci\u00f3n contenida en sus p\u00e1ginas web pudiendo incluso limitar o no permitir el acceso a dicha informaci\u00f3n a ciertos usuarios.<\/em><\/strong><\/p>\n<p>&nbsp;<\/p>\n<p><strong><em>FILMS EN OFF S.L.\u00a0 no asume responsabilidad alguna por la informaci\u00f3n contenida en p\u00e1ginas web de terceros a las que se pueda acceder por \u00ablinks\u00bb o enlaces desde cualquier p\u00e1gina web propiedad de FILMS EN OFF S.L. . La presencia de \u00ablinks\u00bb o enlaces en las p\u00e1ginas web de FILMS EN OFF S.L.\u00a0 tiene finalidad meramente informativa y en ning\u00fan caso supone sugerencia, invitaci\u00f3n o recomendaci\u00f3n sobre los mismos.<\/em><\/strong><\/p>\n<\/div>\n<\/div>\n<\/div>\n<\/div><\/div><\/div><style type=\"text\/css\">.fusion-body .fusion-builder-column-0{width:100% !important;margin-top : 0px;margin-bottom : 0px;}.fusion-builder-column-0 > .fusion-column-wrapper {padding-top : 0px !important;padding-right : 0px !important;margin-right : 1.92%;padding-bottom : 0px !important;padding-left : 0px !important;margin-left : 1.92%;}@media only screen and (max-width:900px) {.fusion-body .fusion-builder-column-0{width:100% !important;}.fusion-builder-column-0 > .fusion-column-wrapper {margin-right : 1.92%;margin-left : 1.92%;}}@media only screen and (max-width:640px) {.fusion-body .fusion-builder-column-0{width:100% !important;}.fusion-builder-column-0 > .fusion-column-wrapper {margin-right : 1.92%;margin-left : 1.92%;}}<\/style><\/div><style type=\"text\/css\">.fusion-body .fusion-flex-container.fusion-builder-row-1{ padding-top : 0px;margin-top : 0px;padding-right : 0px;padding-bottom : 0px;margin-bottom : 0px;padding-left : 0px;}<\/style><\/div>\n","protected":false},"excerpt":{"rendered":"","protected":false},"author":1,"featured_media":0,"parent":0,"menu_order":0,"comment_status":"closed","ping_status":"closed","template":"100-width.php","meta":{"footnotes":""},"class_list":["post-2070","page","type-page","status-publish","hentry"],"yoast_head":"<!-- This site is optimized with the Yoast SEO plugin v24.7 - https:\/\/yoast.com\/wordpress\/plugins\/seo\/ -->\n<title>Aviso legal y condiciones de uso del portal - FILMS EN OFF<\/title>\n<meta name=\"robots\" content=\"index, follow, max-snippet:-1, max-image-preview:large, max-video-preview:-1\" \/>\n<link rel=\"canonical\" href=\"https:\/\/filmsenoff.com\/es\/avis-legal-i-condicions-dus-del-portal\/\" \/>\n<meta property=\"og:locale\" content=\"es_ES\" \/>\n<meta property=\"og:type\" content=\"article\" \/>\n<meta property=\"og:title\" content=\"Aviso legal y condiciones de uso del portal - FILMS EN OFF\" \/>\n<meta property=\"og:url\" content=\"https:\/\/filmsenoff.com\/avis-legal-i-condicions-dus-del-portal\/\" \/>\n<meta property=\"og:site_name\" content=\"FILMS EN OFF\" \/>\n<meta property=\"article:modified_time\" content=\"2022-05-23T09:19:15+00:00\" \/>\n<meta name=\"twitter:card\" content=\"summary_large_image\" \/>\n<meta name=\"twitter:label1\" content=\"Tiempo de lectura\" \/>\n\t<meta name=\"twitter:data1\" content=\"3 minutos\" \/>\n<script type=\"application\/ld+json\" class=\"yoast-schema-graph\">{\"@context\":\"https:\/\/schema.org\",\"@graph\":[{\"@type\":\"WebPage\",\"@id\":\"https:\/\/filmsenoff.com\/avis-legal-i-condicions-dus-del-portal\/\",\"url\":\"https:\/\/filmsenoff.com\/avis-legal-i-condicions-dus-del-portal\/\",\"name\":\"Aviso legal y condiciones de uso del portal - FILMS EN OFF\",\"isPartOf\":{\"@id\":\"https:\/\/filmsenoff.com\/#website\"},\"datePublished\":\"2022-01-24T16:01:17+00:00\",\"dateModified\":\"2022-05-23T09:19:15+00:00\",\"breadcrumb\":{\"@id\":\"https:\/\/filmsenoff.com\/avis-legal-i-condicions-dus-del-portal\/#breadcrumb\"},\"inLanguage\":\"es\",\"potentialAction\":[{\"@type\":\"ReadAction\",\"target\":[\"https:\/\/filmsenoff.com\/avis-legal-i-condicions-dus-del-portal\/\"]}]},{\"@type\":\"BreadcrumbList\",\"@id\":\"https:\/\/filmsenoff.com\/avis-legal-i-condicions-dus-del-portal\/#breadcrumb\",\"itemListElement\":[{\"@type\":\"ListItem\",\"position\":1,\"name\":\"Portada\",\"item\":\"https:\/\/filmsenoff.com\/es\/\"},{\"@type\":\"ListItem\",\"position\":2,\"name\":\"Aviso legal y condiciones de uso del portal\"}]},{\"@type\":\"WebSite\",\"@id\":\"https:\/\/filmsenoff.com\/#website\",\"url\":\"https:\/\/filmsenoff.com\/\",\"name\":\"FILMS EN OFF\",\"description\":\"Creiem en el cinema\",\"potentialAction\":[{\"@type\":\"SearchAction\",\"target\":{\"@type\":\"EntryPoint\",\"urlTemplate\":\"https:\/\/filmsenoff.com\/?s={search_term_string}\"},\"query-input\":{\"@type\":\"PropertyValueSpecification\",\"valueRequired\":true,\"valueName\":\"search_term_string\"}}],\"inLanguage\":\"es\"}]}<\/script>\n<!-- \/ Yoast SEO plugin. -->","yoast_head_json":{"title":"Aviso legal y condiciones de uso del portal - FILMS EN OFF","robots":{"index":"index","follow":"follow","max-snippet":"max-snippet:-1","max-image-preview":"max-image-preview:large","max-video-preview":"max-video-preview:-1"},"canonical":"https:\/\/filmsenoff.com\/es\/avis-legal-i-condicions-dus-del-portal\/","og_locale":"es_ES","og_type":"article","og_title":"Aviso legal y condiciones de uso del portal - FILMS EN OFF","og_url":"https:\/\/filmsenoff.com\/avis-legal-i-condicions-dus-del-portal\/","og_site_name":"FILMS EN OFF","article_modified_time":"2022-05-23T09:19:15+00:00","twitter_card":"summary_large_image","twitter_misc":{"Tiempo de lectura":"3 minutos"},"schema":{"@context":"https:\/\/schema.org","@graph":[{"@type":"WebPage","@id":"https:\/\/filmsenoff.com\/avis-legal-i-condicions-dus-del-portal\/","url":"https:\/\/filmsenoff.com\/avis-legal-i-condicions-dus-del-portal\/","name":"Aviso legal y condiciones de uso del portal - FILMS EN OFF","isPartOf":{"@id":"https:\/\/filmsenoff.com\/#website"},"datePublished":"2022-01-24T16:01:17+00:00","dateModified":"2022-05-23T09:19:15+00:00","breadcrumb":{"@id":"https:\/\/filmsenoff.com\/avis-legal-i-condicions-dus-del-portal\/#breadcrumb"},"inLanguage":"es","potentialAction":[{"@type":"ReadAction","target":["https:\/\/filmsenoff.com\/avis-legal-i-condicions-dus-del-portal\/"]}]},{"@type":"BreadcrumbList","@id":"https:\/\/filmsenoff.com\/avis-legal-i-condicions-dus-del-portal\/#breadcrumb","itemListElement":[{"@type":"ListItem","position":1,"name":"Portada","item":"https:\/\/filmsenoff.com\/es\/"},{"@type":"ListItem","position":2,"name":"Aviso legal y condiciones de uso del portal"}]},{"@type":"WebSite","@id":"https:\/\/filmsenoff.com\/#website","url":"https:\/\/filmsenoff.com\/","name":"FILMS EN OFF","description":"Creiem en el cinema","potentialAction":[{"@type":"SearchAction","target":{"@type":"EntryPoint","urlTemplate":"https:\/\/filmsenoff.com\/?s={search_term_string}"},"query-input":{"@type":"PropertyValueSpecification","valueRequired":true,"valueName":"search_term_string"}}],"inLanguage":"es"}]}},"_links":{"self":[{"href":"https:\/\/filmsenoff.com\/es\/wp-json\/wp\/v2\/pages\/2070","targetHints":{"allow":["GET"]}}],"collection":[{"href":"https:\/\/filmsenoff.com\/es\/wp-json\/wp\/v2\/pages"}],"about":[{"href":"https:\/\/filmsenoff.com\/es\/wp-json\/wp\/v2\/types\/page"}],"author":[{"embeddable":true,"href":"https:\/\/filmsenoff.com\/es\/wp-json\/wp\/v2\/users\/1"}],"replies":[{"embeddable":true,"href":"https:\/\/filmsenoff.com\/es\/wp-json\/wp\/v2\/comments?post=2070"}],"version-history":[{"count":2,"href":"https:\/\/filmsenoff.com\/es\/wp-json\/wp\/v2\/pages\/2070\/revisions"}],"predecessor-version":[{"id":2696,"href":"https:\/\/filmsenoff.com\/es\/wp-json\/wp\/v2\/pages\/2070\/revisions\/2696"}],"wp:attachment":[{"href":"https:\/\/filmsenoff.com\/es\/wp-json\/wp\/v2\/media?parent=2070"}],"curies":[{"name":"wp","href":"https:\/\/api.w.org\/{rel}","templated":true}]}}