{"id":2078,"date":"2022-01-24T18:50:55","date_gmt":"2022-01-24T16:50:55","guid":{"rendered":"https:\/\/filmsenoff.com\/?page_id=2078"},"modified":"2022-01-24T18:50:55","modified_gmt":"2022-01-24T16:50:55","slug":"metodos-de-pago","status":"publish","type":"page","link":"https:\/\/filmsenoff.com\/es\/metodos-de-pago\/","title":{"rendered":"M\u00e9todos de Pago"},"content":{"rendered":"<div class=\"fusion-fullwidth fullwidth-box fusion-builder-row-1 fusion-flex-container nonhundred-percent-fullwidth non-hundred-percent-height-scrolling\" style=\"background-color: rgba(255,255,255,0);background-position: center center;background-repeat: no-repeat;border-width: 0px 0px 0px 0px;border-color:#e2e2e2;border-style:solid;\" ><div class=\"fusion-builder-row fusion-row fusion-flex-align-items-flex-start\" style=\"max-width:1404px;margin-left: calc(-4% \/ 2 );margin-right: calc(-4% \/ 2 );\"><div class=\"fusion-layout-column fusion_builder_column fusion-builder-column-0 fusion_builder_column_1_1 1_1 fusion-flex-column\"><div class=\"fusion-column-wrapper fusion-flex-justify-content-flex-start fusion-content-layout-column\" style=\"background-position:left top;background-repeat:no-repeat;-webkit-background-size:cover;-moz-background-size:cover;-o-background-size:cover;background-size:cover;padding: 0px 0px 0px 0px;\"><div class=\"fusion-text fusion-text-1\" style=\"transform:translate3d(0,0,0);\"><div style=\"text-align: left;\">\n<p><span style=\"vertical-align: inherit;\"><span style=\"vertical-align: inherit;\">Los pagos de los pedidos se pueden realizar con tarjeta de cr\u00e9dito o d\u00e9bito a trav\u00e9s de <\/span><\/span><b><span style=\"vertical-align: inherit;\"><span style=\"vertical-align: inherit;\">PayPal<\/span><\/span><\/b><span style=\"vertical-align: inherit;\"><span style=\"vertical-align: inherit;\"> .<\/span><\/span><\/p>\n<h3 class=\"fusion-responsive-typography-calculated\" style=\"--fontsize: 28; line-height: 1.32;\" data-fontsize=\"28\" data-lineheight=\"36.96px\"><span style=\"vertical-align: inherit;\"><span style=\"vertical-align: inherit;\">Privacidad y seguridad<\/span><\/span><\/h3>\n<p><span style=\"vertical-align: inherit;\"><span style=\"vertical-align: inherit;\">El sistema de pago <\/span><\/span><b><span style=\"vertical-align: inherit;\"><span style=\"vertical-align: inherit;\">PayPal<\/span><\/span><\/b><span style=\"vertical-align: inherit;\"><span style=\"vertical-align: inherit;\"> , son una manera fiable, segura y r\u00e1pida de realizar pagos por internet. <\/span><span style=\"vertical-align: inherit;\">En efecto, en el <\/span><\/span><b><span style=\"vertical-align: inherit;\"><span style=\"vertical-align: inherit;\">PayPal<\/span><\/span><\/b><span style=\"vertical-align: inherit;\"><span style=\"vertical-align: inherit;\"> quien efect\u00faan los cobros directamente a nuestros clientes, <\/span><\/span><b><span style=\"vertical-align: inherit;\"><span style=\"vertical-align: inherit;\">Josep Oller Baldrich<\/span><\/span><\/b><span style=\"vertical-align: inherit;\"><span style=\"vertical-align: inherit;\"> no tendr\u00e1 acceso a los datos bancarios de estos \u00faltimos. <\/span><\/span><br \/>\n<span style=\"vertical-align: inherit;\"><span style=\"vertical-align: inherit;\"><br \/>\nHemos contratado el certificado SSL, que protege la privacidad del usuario mientras navega o compra en la web. <\/span><\/span><br \/>\n<span style=\"vertical-align: inherit;\"><span style=\"vertical-align: inherit;\"><br \/>\nPara m\u00e1s informaci\u00f3n, consulte nuestra <\/span><\/span><a href=\"\/es\/politica-de-privadesa\/\"><span style=\"vertical-align: inherit;\"><span style=\"vertical-align: inherit;\">Pol\u00edtica de Privacidad. <\/span><\/span><\/a><span style=\"vertical-align: inherit;\"><span style=\"vertical-align: inherit;\">y nuestra <\/span><\/span><a href=\"\/es\/politica-de-cookies\/\"><span style=\"vertical-align: inherit;\"><span style=\"vertical-align: inherit;\">Pol\u00edtica de Cookies<\/span><\/span><\/a><span style=\"vertical-align: inherit;\"><span style=\"vertical-align: inherit;\"> .<\/span><\/span><\/p>\n<\/div>\n<\/div><\/div><\/div><style type=\"text\/css\">.fusion-body .fusion-builder-column-0{width:100% !important;margin-top : 0px;margin-bottom : 0px;}.fusion-builder-column-0 > .fusion-column-wrapper {padding-top : 0px !important;padding-right : 0px !important;margin-right : 1.92%;padding-bottom : 0px !important;padding-left : 0px !important;margin-left : 1.92%;}@media only screen and (max-width:900px) {.fusion-body .fusion-builder-column-0{width:100% !important;}.fusion-builder-column-0 > .fusion-column-wrapper {margin-right : 1.92%;margin-left : 1.92%;}}@media only screen and (max-width:640px) {.fusion-body .fusion-builder-column-0{width:100% !important;}.fusion-builder-column-0 > .fusion-column-wrapper {margin-right : 1.92%;margin-left : 1.92%;}}<\/style><\/div><style type=\"text\/css\">.fusion-body .fusion-flex-container.fusion-builder-row-1{ padding-top : 0px;margin-top : 0px;padding-right : 0px;padding-bottom : 0px;margin-bottom : 0px;padding-left : 0px;}<\/style><\/div>\n","protected":false},"excerpt":{"rendered":"","protected":false},"author":1,"featured_media":0,"parent":0,"menu_order":0,"comment_status":"closed","ping_status":"closed","template":"100-width.php","meta":{"footnotes":""},"class_list":["post-2078","page","type-page","status-publish","hentry"],"yoast_head":"<!-- This site is optimized with the Yoast SEO plugin v24.7 - https:\/\/yoast.com\/wordpress\/plugins\/seo\/ -->\n<title>M\u00e9todos de Pago - FILMS EN OFF<\/title>\n<meta name=\"robots\" content=\"index, follow, max-snippet:-1, max-image-preview:large, max-video-preview:-1\" \/>\n<link rel=\"canonical\" href=\"https:\/\/filmsenoff.com\/es\/metodes-de-pagament\/\" \/>\n<meta property=\"og:locale\" content=\"es_ES\" \/>\n<meta property=\"og:type\" content=\"article\" \/>\n<meta property=\"og:title\" content=\"M\u00e9todos de Pago - FILMS EN OFF\" \/>\n<meta property=\"og:url\" content=\"https:\/\/filmsenoff.com\/metodes-de-pagament\/\" \/>\n<meta property=\"og:site_name\" content=\"FILMS EN OFF\" \/>\n<meta name=\"twitter:card\" content=\"summary_large_image\" \/>\n<meta name=\"twitter:label1\" content=\"Tiempo de lectura\" \/>\n\t<meta name=\"twitter:data1\" content=\"2 minutos\" \/>\n<script type=\"application\/ld+json\" class=\"yoast-schema-graph\">{\"@context\":\"https:\/\/schema.org\",\"@graph\":[{\"@type\":\"WebPage\",\"@id\":\"https:\/\/filmsenoff.com\/metodes-de-pagament\/\",\"url\":\"https:\/\/filmsenoff.com\/metodes-de-pagament\/\",\"name\":\"M\u00e9todos de Pago - FILMS EN OFF\",\"isPartOf\":{\"@id\":\"https:\/\/filmsenoff.com\/#website\"},\"datePublished\":\"2022-01-24T16:50:55+00:00\",\"breadcrumb\":{\"@id\":\"https:\/\/filmsenoff.com\/metodes-de-pagament\/#breadcrumb\"},\"inLanguage\":\"es\",\"potentialAction\":[{\"@type\":\"ReadAction\",\"target\":[\"https:\/\/filmsenoff.com\/metodes-de-pagament\/\"]}]},{\"@type\":\"BreadcrumbList\",\"@id\":\"https:\/\/filmsenoff.com\/metodes-de-pagament\/#breadcrumb\",\"itemListElement\":[{\"@type\":\"ListItem\",\"position\":1,\"name\":\"Portada\",\"item\":\"https:\/\/filmsenoff.com\/es\/\"},{\"@type\":\"ListItem\",\"position\":2,\"name\":\"M\u00e9todos de Pago\"}]},{\"@type\":\"WebSite\",\"@id\":\"https:\/\/filmsenoff.com\/#website\",\"url\":\"https:\/\/filmsenoff.com\/\",\"name\":\"FILMS EN OFF\",\"description\":\"Creiem en el cinema\",\"potentialAction\":[{\"@type\":\"SearchAction\",\"target\":{\"@type\":\"EntryPoint\",\"urlTemplate\":\"https:\/\/filmsenoff.com\/?s={search_term_string}\"},\"query-input\":{\"@type\":\"PropertyValueSpecification\",\"valueRequired\":true,\"valueName\":\"search_term_string\"}}],\"inLanguage\":\"es\"}]}<\/script>\n<!-- \/ Yoast SEO plugin. -->","yoast_head_json":{"title":"M\u00e9todos de Pago - FILMS EN OFF","robots":{"index":"index","follow":"follow","max-snippet":"max-snippet:-1","max-image-preview":"max-image-preview:large","max-video-preview":"max-video-preview:-1"},"canonical":"https:\/\/filmsenoff.com\/es\/metodes-de-pagament\/","og_locale":"es_ES","og_type":"article","og_title":"M\u00e9todos de Pago - FILMS EN OFF","og_url":"https:\/\/filmsenoff.com\/metodes-de-pagament\/","og_site_name":"FILMS EN OFF","twitter_card":"summary_large_image","twitter_misc":{"Tiempo de lectura":"2 minutos"},"schema":{"@context":"https:\/\/schema.org","@graph":[{"@type":"WebPage","@id":"https:\/\/filmsenoff.com\/metodes-de-pagament\/","url":"https:\/\/filmsenoff.com\/metodes-de-pagament\/","name":"M\u00e9todos de Pago - FILMS EN OFF","isPartOf":{"@id":"https:\/\/filmsenoff.com\/#website"},"datePublished":"2022-01-24T16:50:55+00:00","breadcrumb":{"@id":"https:\/\/filmsenoff.com\/metodes-de-pagament\/#breadcrumb"},"inLanguage":"es","potentialAction":[{"@type":"ReadAction","target":["https:\/\/filmsenoff.com\/metodes-de-pagament\/"]}]},{"@type":"BreadcrumbList","@id":"https:\/\/filmsenoff.com\/metodes-de-pagament\/#breadcrumb","itemListElement":[{"@type":"ListItem","position":1,"name":"Portada","item":"https:\/\/filmsenoff.com\/es\/"},{"@type":"ListItem","position":2,"name":"M\u00e9todos de Pago"}]},{"@type":"WebSite","@id":"https:\/\/filmsenoff.com\/#website","url":"https:\/\/filmsenoff.com\/","name":"FILMS EN OFF","description":"Creiem en el cinema","potentialAction":[{"@type":"SearchAction","target":{"@type":"EntryPoint","urlTemplate":"https:\/\/filmsenoff.com\/?s={search_term_string}"},"query-input":{"@type":"PropertyValueSpecification","valueRequired":true,"valueName":"search_term_string"}}],"inLanguage":"es"}]}},"_links":{"self":[{"href":"https:\/\/filmsenoff.com\/es\/wp-json\/wp\/v2\/pages\/2078","targetHints":{"allow":["GET"]}}],"collection":[{"href":"https:\/\/filmsenoff.com\/es\/wp-json\/wp\/v2\/pages"}],"about":[{"href":"https:\/\/filmsenoff.com\/es\/wp-json\/wp\/v2\/types\/page"}],"author":[{"embeddable":true,"href":"https:\/\/filmsenoff.com\/es\/wp-json\/wp\/v2\/users\/1"}],"replies":[{"embeddable":true,"href":"https:\/\/filmsenoff.com\/es\/wp-json\/wp\/v2\/comments?post=2078"}],"version-history":[{"count":1,"href":"https:\/\/filmsenoff.com\/es\/wp-json\/wp\/v2\/pages\/2078\/revisions"}],"predecessor-version":[{"id":2079,"href":"https:\/\/filmsenoff.com\/es\/wp-json\/wp\/v2\/pages\/2078\/revisions\/2079"}],"wp:attachment":[{"href":"https:\/\/filmsenoff.com\/es\/wp-json\/wp\/v2\/media?parent=2078"}],"curies":[{"name":"wp","href":"https:\/\/api.w.org\/{rel}","templated":true}]}}