{"id":2080,"date":"2022-01-24T18:52:39","date_gmt":"2022-01-24T16:52:39","guid":{"rendered":"https:\/\/filmsenoff.com\/?page_id=2080"},"modified":"2022-01-24T18:53:12","modified_gmt":"2022-01-24T16:53:12","slug":"devoluciones","status":"publish","type":"page","link":"https:\/\/filmsenoff.com\/es\/devoluciones\/","title":{"rendered":"Devoluciones"},"content":{"rendered":"<div class=\"fusion-fullwidth fullwidth-box fusion-builder-row-1 fusion-flex-container nonhundred-percent-fullwidth non-hundred-percent-height-scrolling\" style=\"background-color: rgba(255,255,255,0);background-position: center center;background-repeat: no-repeat;border-width: 0px 0px 0px 0px;border-color:#e2e2e2;border-style:solid;\" ><div class=\"fusion-builder-row fusion-row fusion-flex-align-items-flex-start\" style=\"max-width:1404px;margin-left: calc(-4% \/ 2 );margin-right: calc(-4% \/ 2 );\"><div class=\"fusion-layout-column fusion_builder_column fusion-builder-column-0 fusion_builder_column_1_1 1_1 fusion-flex-column\"><div class=\"fusion-column-wrapper fusion-flex-justify-content-flex-start fusion-content-layout-column\" style=\"background-position:left top;background-repeat:no-repeat;-webkit-background-size:cover;-moz-background-size:cover;-o-background-size:cover;background-size:cover;padding: 0px 0px 0px 0px;\"><div class=\"fusion-text fusion-text-1\" style=\"transform:translate3d(0,0,0);\"><div class=\"fusion-layout-column fusion_builder_column fusion-builder-column-3 fusion_builder_column_1_1 1_1 fusion-flex-column\">\n<div class=\"fusion-column-wrapper fusion-flex-justify-content-flex-start fusion-content-layout-column\" style=\"background-position: left top; background-repeat: no-repeat; background-size: cover; padding: 0px; min-height: 0px;\">\n<div class=\"fusion-text fusion-text-1\" style=\"transform:translate3d(0,0,0);\">\n<div>\n<div>\n<h2 style=\"text-align: center; --fontSize:44; line-height: 1.26;\" data-fontsize=\"44\" data-lineheight=\"55.44px\" class=\"fusion-responsive-typography-calculated\"><font style=\"vertical-align: inherit;\"><font style=\"vertical-align: inherit;\">DEVOLUCIONES<\/font><\/font><\/h2>\n<\/div>\n<div>\n<p><font style=\"vertical-align: inherit;\"><font style=\"vertical-align: inherit;\">Dado que se tratan de productos no materiales, no se aceptan devoluciones salvo en los siguientes casos:<\/font><\/font><\/p>\n<ul>\n<li><font style=\"vertical-align: inherit;\"><font style=\"vertical-align: inherit;\">En caso de que el alumno quiera cambiar de curso debe comunicarlo a <\/font><\/font><strong><font style=\"vertical-align: inherit;\"><font style=\"vertical-align: inherit;\">comunicacio@filmsenoff.cat<\/font><\/font><\/strong><font style=\"vertical-align: inherit;\"><font style=\"vertical-align: inherit;\"> adjuntando el correo de la compra del mismo con un plazo m\u00e1ximo de 60 d\u00edas antes de empezar el curso. <\/font><font style=\"vertical-align: inherit;\">El alumno deber\u00e1 pagar la diferencia en caso de que el nuevo curso solicitado sea m\u00e1s caro que el anterior o, de lo contrario, recibir\u00e1 a la diferencia por parte de la escuela Films en Off. <\/font><font style=\"vertical-align: inherit;\">Una vez transcurrida esta fecha l\u00edmite el alumno no tendr\u00e1 opci\u00f3n a cambiar de curso debido al n\u00famero de plazas disponibles del mismo.<\/font><\/font><\/li>\n<li><font style=\"vertical-align: inherit;\"><font style=\"vertical-align: inherit;\">En los casos de desistimiento de la compra por causas mayores, s\u00f3lo se podr\u00e1 realizar en el caso de los cursos presenciales, dirigi\u00e9ndose a <\/font><\/font><strong><font style=\"vertical-align: inherit;\"><font style=\"vertical-align: inherit;\">comunicacio@filmsenoff.cat<\/font><\/font><\/strong><font style=\"vertical-align: inherit;\"><font style=\"vertical-align: inherit;\"> explicando los motivos. <\/font><font style=\"vertical-align: inherit;\">El alumno recibir\u00e1 el 100% del importe del curso si lo comunica 60 d\u00edas antes del inicio del curso, el 50% si lo comunica entre 60 y 30 d\u00edas antes del inicio del curso o no recibir\u00e1 el importe invertido en caso de que lo comunique en menos de 30 d\u00edas de iniciar el curso debido a que su plaza ya no se podr\u00e1 revender.<\/font><\/font><\/li>\n<\/ul>\n<\/div>\n<p><b><font style=\"vertical-align: inherit;\"><font style=\"vertical-align: inherit;\">S\u00f3lo puede tramitarse la devoluci\u00f3n el mismo usuario que la ha adquirido.<\/font><\/font><\/b><\/p>\n<\/div>\n<div>\n<h3 data-fontsize=\"28\" data-lineheight=\"36.96px\" class=\"fusion-responsive-typography-calculated\" style=\"--fontSize:28; line-height: 1.32;\"><b><font style=\"vertical-align: inherit;\"><font style=\"vertical-align: inherit;\">GARANT\u00cdA GENERAL PARA TODOS LOS PRODUCTOS<\/font><\/font><\/b><\/h3>\n<p><font style=\"vertical-align: inherit;\"><font style=\"vertical-align: inherit;\">Salvo prueba en contrario, se entender\u00e1 que los productos son conformes con el contrato siempre que cumplan todos los requisitos que se expresan a continuaci\u00f3n:<\/font><\/font><\/p>\n<ul>\n<li><font style=\"vertical-align: inherit;\"><font style=\"vertical-align: inherit;\">1.-Se ajusten a la descripci\u00f3n realizada por el vendedor y tengan las cualidades del producto que el vendedor haya presentado al consumidor y usuario en el sitio web.<\/font><\/font><\/li>\n<li><font style=\"vertical-align: inherit;\"><font style=\"vertical-align: inherit;\">2.-Sean aptos para los usos a los que ordinariamente se destinen los productos del mismo tipo.<\/font><\/font><\/li>\n<li><font style=\"vertical-align: inherit;\"><font style=\"vertical-align: inherit;\">3.-Presenten la calidad y prestaciones habituales de un producto del mismo tipo que el consumidor y usuario pueda fundadamente esperar, teniendo en cuenta la naturaleza del producto.<\/font><\/font><\/li>\n<\/ul>\n<\/div>\n<\/div>\n<\/div>\n<\/div>\n<\/div><\/div><\/div><style type=\"text\/css\">.fusion-body .fusion-builder-column-0{width:100% !important;margin-top : 0px;margin-bottom : 0px;}.fusion-builder-column-0 > .fusion-column-wrapper {padding-top : 0px !important;padding-right : 0px !important;margin-right : 1.92%;padding-bottom : 0px !important;padding-left : 0px !important;margin-left : 1.92%;}@media only screen and (max-width:900px) {.fusion-body .fusion-builder-column-0{width:100% !important;}.fusion-builder-column-0 > .fusion-column-wrapper {margin-right : 1.92%;margin-left : 1.92%;}}@media only screen and (max-width:640px) {.fusion-body .fusion-builder-column-0{width:100% !important;}.fusion-builder-column-0 > .fusion-column-wrapper {margin-right : 1.92%;margin-left : 1.92%;}}<\/style><\/div><style type=\"text\/css\">.fusion-body .fusion-flex-container.fusion-builder-row-1{ padding-top : 0px;margin-top : 0px;padding-right : 0px;padding-bottom : 0px;margin-bottom : 0px;padding-left : 0px;}<\/style><\/div>\n","protected":false},"excerpt":{"rendered":"","protected":false},"author":1,"featured_media":0,"parent":0,"menu_order":0,"comment_status":"closed","ping_status":"closed","template":"100-width.php","meta":{"footnotes":""},"class_list":["post-2080","page","type-page","status-publish","hentry"],"yoast_head":"<!-- This site is optimized with the Yoast SEO plugin v24.7 - https:\/\/yoast.com\/wordpress\/plugins\/seo\/ -->\n<title>Devoluciones - FILMS EN OFF<\/title>\n<meta name=\"robots\" content=\"index, follow, max-snippet:-1, max-image-preview:large, max-video-preview:-1\" \/>\n<link rel=\"canonical\" href=\"https:\/\/filmsenoff.com\/es\/devolucions\/\" \/>\n<meta property=\"og:locale\" content=\"es_ES\" \/>\n<meta property=\"og:type\" content=\"article\" \/>\n<meta property=\"og:title\" content=\"Devoluciones - FILMS EN OFF\" \/>\n<meta property=\"og:url\" content=\"https:\/\/filmsenoff.com\/devolucions\/\" \/>\n<meta property=\"og:site_name\" content=\"FILMS EN OFF\" \/>\n<meta property=\"article:modified_time\" content=\"2022-01-24T16:53:12+00:00\" \/>\n<meta name=\"twitter:card\" content=\"summary_large_image\" \/>\n<meta name=\"twitter:label1\" content=\"Tiempo de lectura\" \/>\n\t<meta name=\"twitter:data1\" content=\"3 minutos\" \/>\n<script type=\"application\/ld+json\" class=\"yoast-schema-graph\">{\"@context\":\"https:\/\/schema.org\",\"@graph\":[{\"@type\":\"WebPage\",\"@id\":\"https:\/\/filmsenoff.com\/devolucions\/\",\"url\":\"https:\/\/filmsenoff.com\/devolucions\/\",\"name\":\"Devoluciones - FILMS EN OFF\",\"isPartOf\":{\"@id\":\"https:\/\/filmsenoff.com\/#website\"},\"datePublished\":\"2022-01-24T16:52:39+00:00\",\"dateModified\":\"2022-01-24T16:53:12+00:00\",\"breadcrumb\":{\"@id\":\"https:\/\/filmsenoff.com\/devolucions\/#breadcrumb\"},\"inLanguage\":\"es\",\"potentialAction\":[{\"@type\":\"ReadAction\",\"target\":[\"https:\/\/filmsenoff.com\/devolucions\/\"]}]},{\"@type\":\"BreadcrumbList\",\"@id\":\"https:\/\/filmsenoff.com\/devolucions\/#breadcrumb\",\"itemListElement\":[{\"@type\":\"ListItem\",\"position\":1,\"name\":\"Portada\",\"item\":\"https:\/\/filmsenoff.com\/es\/\"},{\"@type\":\"ListItem\",\"position\":2,\"name\":\"Devoluciones\"}]},{\"@type\":\"WebSite\",\"@id\":\"https:\/\/filmsenoff.com\/#website\",\"url\":\"https:\/\/filmsenoff.com\/\",\"name\":\"FILMS EN OFF\",\"description\":\"Creiem en el cinema\",\"potentialAction\":[{\"@type\":\"SearchAction\",\"target\":{\"@type\":\"EntryPoint\",\"urlTemplate\":\"https:\/\/filmsenoff.com\/?s={search_term_string}\"},\"query-input\":{\"@type\":\"PropertyValueSpecification\",\"valueRequired\":true,\"valueName\":\"search_term_string\"}}],\"inLanguage\":\"es\"}]}<\/script>\n<!-- \/ Yoast SEO plugin. -->","yoast_head_json":{"title":"Devoluciones - FILMS EN OFF","robots":{"index":"index","follow":"follow","max-snippet":"max-snippet:-1","max-image-preview":"max-image-preview:large","max-video-preview":"max-video-preview:-1"},"canonical":"https:\/\/filmsenoff.com\/es\/devolucions\/","og_locale":"es_ES","og_type":"article","og_title":"Devoluciones - FILMS EN OFF","og_url":"https:\/\/filmsenoff.com\/devolucions\/","og_site_name":"FILMS EN OFF","article_modified_time":"2022-01-24T16:53:12+00:00","twitter_card":"summary_large_image","twitter_misc":{"Tiempo de lectura":"3 minutos"},"schema":{"@context":"https:\/\/schema.org","@graph":[{"@type":"WebPage","@id":"https:\/\/filmsenoff.com\/devolucions\/","url":"https:\/\/filmsenoff.com\/devolucions\/","name":"Devoluciones - FILMS EN OFF","isPartOf":{"@id":"https:\/\/filmsenoff.com\/#website"},"datePublished":"2022-01-24T16:52:39+00:00","dateModified":"2022-01-24T16:53:12+00:00","breadcrumb":{"@id":"https:\/\/filmsenoff.com\/devolucions\/#breadcrumb"},"inLanguage":"es","potentialAction":[{"@type":"ReadAction","target":["https:\/\/filmsenoff.com\/devolucions\/"]}]},{"@type":"BreadcrumbList","@id":"https:\/\/filmsenoff.com\/devolucions\/#breadcrumb","itemListElement":[{"@type":"ListItem","position":1,"name":"Portada","item":"https:\/\/filmsenoff.com\/es\/"},{"@type":"ListItem","position":2,"name":"Devoluciones"}]},{"@type":"WebSite","@id":"https:\/\/filmsenoff.com\/#website","url":"https:\/\/filmsenoff.com\/","name":"FILMS EN OFF","description":"Creiem en el cinema","potentialAction":[{"@type":"SearchAction","target":{"@type":"EntryPoint","urlTemplate":"https:\/\/filmsenoff.com\/?s={search_term_string}"},"query-input":{"@type":"PropertyValueSpecification","valueRequired":true,"valueName":"search_term_string"}}],"inLanguage":"es"}]}},"_links":{"self":[{"href":"https:\/\/filmsenoff.com\/es\/wp-json\/wp\/v2\/pages\/2080","targetHints":{"allow":["GET"]}}],"collection":[{"href":"https:\/\/filmsenoff.com\/es\/wp-json\/wp\/v2\/pages"}],"about":[{"href":"https:\/\/filmsenoff.com\/es\/wp-json\/wp\/v2\/types\/page"}],"author":[{"embeddable":true,"href":"https:\/\/filmsenoff.com\/es\/wp-json\/wp\/v2\/users\/1"}],"replies":[{"embeddable":true,"href":"https:\/\/filmsenoff.com\/es\/wp-json\/wp\/v2\/comments?post=2080"}],"version-history":[{"count":2,"href":"https:\/\/filmsenoff.com\/es\/wp-json\/wp\/v2\/pages\/2080\/revisions"}],"predecessor-version":[{"id":2082,"href":"https:\/\/filmsenoff.com\/es\/wp-json\/wp\/v2\/pages\/2080\/revisions\/2082"}],"wp:attachment":[{"href":"https:\/\/filmsenoff.com\/es\/wp-json\/wp\/v2\/media?parent=2080"}],"curies":[{"name":"wp","href":"https:\/\/api.w.org\/{rel}","templated":true}]}}