{"id":2339,"date":"2022-02-08T17:41:35","date_gmt":"2022-02-08T15:41:35","guid":{"rendered":"https:\/\/filmsenoff.com\/reserva-la-sala\/"},"modified":"2022-03-17T18:03:19","modified_gmt":"2022-03-17T16:03:19","slug":"reserva-la-sala","status":"publish","type":"page","link":"https:\/\/filmsenoff.com\/es\/reserva-la-sala\/","title":{"rendered":"Reserva la sala"},"content":{"rendered":"<p><div class=\"fusion-fullwidth fullwidth-box fusion-builder-row-1 fusion-flex-container nonhundred-percent-fullwidth non-hundred-percent-height-scrolling\" style=\"background-color: rgba(255,255,255,0);background-position: center center;background-repeat: no-repeat;border-width: 0px 0px 0px 0px;border-color:#e2e2e2;border-style:solid;\" ><div class=\"fusion-builder-row fusion-row fusion-flex-align-items-flex-start\" style=\"max-width:1404px;margin-left: calc(-4% \/ 2 );margin-right: calc(-4% \/ 2 );\"><div class=\"fusion-layout-column fusion_builder_column fusion-builder-column-0 fusion_builder_column_1_1 1_1 fusion-flex-column\"><div class=\"fusion-column-wrapper fusion-flex-justify-content-flex-start fusion-content-layout-column\" style=\"background-position:left top;background-repeat:no-repeat;-webkit-background-size:cover;-moz-background-size:cover;-o-background-size:cover;background-size:cover;padding: 0px 0px 0px 0px;\"><style type=\"text\/css\">.fusion-gallery-1 .fusion-gallery-image {border:0px solid #e2e2e2;}<\/style><div class=\"fusion-gallery fusion-gallery-container fusion-grid-4 fusion-columns-total-4 fusion-gallery-layout-grid fusion-gallery-1\" style=\"margin:-5px;\"><div style=\"padding:5px;\" class=\"fusion-grid-column fusion-gallery-column fusion-gallery-column-4 hover-type-none\"><div class=\"fusion-gallery-image\"><a href=\"https:\/\/filmsenoff.com\/wp-content\/uploads\/2022\/03\/DSC_0026-scaled.jpg\" rel=\"noreferrer\" data-rel=\"iLightbox[gallery_image_1]\" class=\"fusion-lightbox\" target=\"_self\"><img decoding=\"async\" src=\"https:\/\/filmsenoff.com\/wp-content\/uploads\/2022\/03\/DSC_0026-scaled.jpg\" data-orig-src=\"https:\/\/filmsenoff.com\/wp-content\/uploads\/2022\/03\/DSC_0026-scaled.jpg\" width=\"2560\" height=\"1702\" alt=\"\" title=\"DSC_0026\" aria-label=\"DSC_0026\" class=\"lazyload img-responsive wp-image-2619\" srcset=\"data:image\/svg+xml,%3Csvg%20xmlns%3D%27http%3A%2F%2Fwww.w3.org%2F2000%2Fsvg%27%20width%3D%272560%27%20height%3D%271702%27%20viewBox%3D%270%200%202560%201702%27%3E%3Crect%20width%3D%272560%27%20height%3D%2731702%27%20fill-opacity%3D%220%22%2F%3E%3C%2Fsvg%3E\" data-srcset=\"https:\/\/filmsenoff.com\/wp-content\/uploads\/2022\/03\/DSC_0026-200x133.jpg 200w, https:\/\/filmsenoff.com\/wp-content\/uploads\/2022\/03\/DSC_0026-400x266.jpg 400w, https:\/\/filmsenoff.com\/wp-content\/uploads\/2022\/03\/DSC_0026-600x399.jpg 600w, https:\/\/filmsenoff.com\/wp-content\/uploads\/2022\/03\/DSC_0026-800x532.jpg 800w, https:\/\/filmsenoff.com\/wp-content\/uploads\/2022\/03\/DSC_0026-1200x798.jpg 1200w, https:\/\/filmsenoff.com\/wp-content\/uploads\/2022\/03\/DSC_0026-scaled.jpg 2560w\" data-sizes=\"auto\" data-orig-sizes=\"(min-width: 2200px) 100vw, (min-width: 1156px) 334px, (min-width: 984px) 445px, (min-width: 812px) 668px, (min-width: 640px) 812px, \" \/><\/a><\/div><\/div><div style=\"padding:5px;\" class=\"fusion-grid-column fusion-gallery-column fusion-gallery-column-4 hover-type-none\"><div class=\"fusion-gallery-image\"><a href=\"https:\/\/filmsenoff.com\/wp-content\/uploads\/2022\/03\/DSC_0030-scaled.jpg\" rel=\"noreferrer\" data-rel=\"iLightbox[gallery_image_1]\" class=\"fusion-lightbox\" target=\"_self\"><img decoding=\"async\" src=\"https:\/\/filmsenoff.com\/wp-content\/uploads\/2022\/03\/DSC_0030-scaled.jpg\" data-orig-src=\"https:\/\/filmsenoff.com\/wp-content\/uploads\/2022\/03\/DSC_0030-scaled.jpg\" width=\"2560\" height=\"1702\" alt=\"\" title=\"DSC_0030\" aria-label=\"DSC_0030\" class=\"lazyload img-responsive wp-image-2622\" srcset=\"data:image\/svg+xml,%3Csvg%20xmlns%3D%27http%3A%2F%2Fwww.w3.org%2F2000%2Fsvg%27%20width%3D%272560%27%20height%3D%271702%27%20viewBox%3D%270%200%202560%201702%27%3E%3Crect%20width%3D%272560%27%20height%3D%2731702%27%20fill-opacity%3D%220%22%2F%3E%3C%2Fsvg%3E\" data-srcset=\"https:\/\/filmsenoff.com\/wp-content\/uploads\/2022\/03\/DSC_0030-200x133.jpg 200w, https:\/\/filmsenoff.com\/wp-content\/uploads\/2022\/03\/DSC_0030-400x266.jpg 400w, https:\/\/filmsenoff.com\/wp-content\/uploads\/2022\/03\/DSC_0030-600x399.jpg 600w, https:\/\/filmsenoff.com\/wp-content\/uploads\/2022\/03\/DSC_0030-800x532.jpg 800w, https:\/\/filmsenoff.com\/wp-content\/uploads\/2022\/03\/DSC_0030-1200x798.jpg 1200w, https:\/\/filmsenoff.com\/wp-content\/uploads\/2022\/03\/DSC_0030-scaled.jpg 2560w\" data-sizes=\"auto\" data-orig-sizes=\"(min-width: 2200px) 100vw, (min-width: 1156px) 334px, (min-width: 984px) 445px, (min-width: 812px) 668px, (min-width: 640px) 812px, \" \/><\/a><\/div><\/div><div style=\"padding:5px;\" class=\"fusion-grid-column fusion-gallery-column fusion-gallery-column-4 hover-type-none\"><div class=\"fusion-gallery-image\"><a href=\"https:\/\/filmsenoff.com\/wp-content\/uploads\/2022\/03\/DSC_0056-scaled.jpg\" rel=\"noreferrer\" data-rel=\"iLightbox[gallery_image_1]\" class=\"fusion-lightbox\" target=\"_self\"><img decoding=\"async\" src=\"https:\/\/filmsenoff.com\/wp-content\/uploads\/2022\/03\/DSC_0056-scaled.jpg\" data-orig-src=\"https:\/\/filmsenoff.com\/wp-content\/uploads\/2022\/03\/DSC_0056-scaled.jpg\" width=\"2560\" height=\"1702\" alt=\"\" title=\"DSC_0056\" aria-label=\"DSC_0056\" class=\"lazyload img-responsive wp-image-2625\" srcset=\"data:image\/svg+xml,%3Csvg%20xmlns%3D%27http%3A%2F%2Fwww.w3.org%2F2000%2Fsvg%27%20width%3D%272560%27%20height%3D%271702%27%20viewBox%3D%270%200%202560%201702%27%3E%3Crect%20width%3D%272560%27%20height%3D%2731702%27%20fill-opacity%3D%220%22%2F%3E%3C%2Fsvg%3E\" data-srcset=\"https:\/\/filmsenoff.com\/wp-content\/uploads\/2022\/03\/DSC_0056-200x133.jpg 200w, https:\/\/filmsenoff.com\/wp-content\/uploads\/2022\/03\/DSC_0056-400x266.jpg 400w, https:\/\/filmsenoff.com\/wp-content\/uploads\/2022\/03\/DSC_0056-600x399.jpg 600w, https:\/\/filmsenoff.com\/wp-content\/uploads\/2022\/03\/DSC_0056-800x532.jpg 800w, https:\/\/filmsenoff.com\/wp-content\/uploads\/2022\/03\/DSC_0056-1200x798.jpg 1200w, https:\/\/filmsenoff.com\/wp-content\/uploads\/2022\/03\/DSC_0056-scaled.jpg 2560w\" data-sizes=\"auto\" data-orig-sizes=\"(min-width: 2200px) 100vw, (min-width: 1156px) 334px, (min-width: 984px) 445px, (min-width: 812px) 668px, (min-width: 640px) 812px, \" \/><\/a><\/div><\/div><div style=\"padding:5px;\" class=\"fusion-grid-column fusion-gallery-column fusion-gallery-column-4 hover-type-none\"><div class=\"fusion-gallery-image\"><a href=\"https:\/\/filmsenoff.com\/wp-content\/uploads\/2022\/03\/DSC_0060-scaled.jpg\" rel=\"noreferrer\" data-rel=\"iLightbox[gallery_image_1]\" class=\"fusion-lightbox\" target=\"_self\"><img decoding=\"async\" src=\"https:\/\/filmsenoff.com\/wp-content\/uploads\/2022\/03\/DSC_0060-scaled.jpg\" data-orig-src=\"https:\/\/filmsenoff.com\/wp-content\/uploads\/2022\/03\/DSC_0060-scaled.jpg\" width=\"2560\" height=\"1702\" alt=\"\" title=\"DSC_0060\" aria-label=\"DSC_0060\" class=\"lazyload img-responsive wp-image-2628\" srcset=\"data:image\/svg+xml,%3Csvg%20xmlns%3D%27http%3A%2F%2Fwww.w3.org%2F2000%2Fsvg%27%20width%3D%272560%27%20height%3D%271702%27%20viewBox%3D%270%200%202560%201702%27%3E%3Crect%20width%3D%272560%27%20height%3D%2731702%27%20fill-opacity%3D%220%22%2F%3E%3C%2Fsvg%3E\" data-srcset=\"https:\/\/filmsenoff.com\/wp-content\/uploads\/2022\/03\/DSC_0060-200x133.jpg 200w, https:\/\/filmsenoff.com\/wp-content\/uploads\/2022\/03\/DSC_0060-400x266.jpg 400w, https:\/\/filmsenoff.com\/wp-content\/uploads\/2022\/03\/DSC_0060-600x399.jpg 600w, https:\/\/filmsenoff.com\/wp-content\/uploads\/2022\/03\/DSC_0060-800x532.jpg 800w, https:\/\/filmsenoff.com\/wp-content\/uploads\/2022\/03\/DSC_0060-1200x798.jpg 1200w, https:\/\/filmsenoff.com\/wp-content\/uploads\/2022\/03\/DSC_0060-scaled.jpg 2560w\" data-sizes=\"auto\" data-orig-sizes=\"(min-width: 2200px) 100vw, (min-width: 1156px) 334px, (min-width: 984px) 445px, (min-width: 812px) 668px, (min-width: 640px) 812px, \" \/><\/a><\/div><\/div><div class=\"clearfix\"><\/div><\/div><\/div><\/div><style type=\"text\/css\">.fusion-body .fusion-builder-column-0{width:100% !important;margin-top : 0px;margin-bottom : 20px;}.fusion-builder-column-0 > .fusion-column-wrapper {padding-top : 0px !important;padding-right : 0px !important;margin-right : 1.92%;padding-bottom : 0px !important;padding-left : 0px !important;margin-left : 1.92%;}@media only screen and (max-width:900px) {.fusion-body .fusion-builder-column-0{width:100% !important;order : 0;}.fusion-builder-column-0 > .fusion-column-wrapper {margin-right : 1.92%;margin-left : 1.92%;}}@media only screen and (max-width:640px) {.fusion-body .fusion-builder-column-0{width:100% !important;order : 0;}.fusion-builder-column-0 > .fusion-column-wrapper {margin-right : 1.92%;margin-left : 1.92%;}}<\/style><\/div><style type=\"text\/css\">.fusion-body .fusion-flex-container.fusion-builder-row-1{ padding-top : 0px;margin-top : 0px;padding-right : 0px;padding-bottom : 0px;margin-bottom : 0px;padding-left : 0px;}<\/style><\/div><div class=\"fusion-fullwidth fullwidth-box fusion-builder-row-2 fusion-flex-container nonhundred-percent-fullwidth non-hundred-percent-height-scrolling\" style=\"background-color: rgba(255,255,255,0);background-position: center center;background-repeat: no-repeat;border-width: 0px 0px 0px 0px;border-color:#e2e2e2;border-style:solid;\" ><div class=\"fusion-builder-row fusion-row fusion-flex-align-items-flex-start\" style=\"max-width:1404px;margin-left: calc(-4% \/ 2 );margin-right: calc(-4% \/ 2 );\"><div class=\"fusion-layout-column fusion_builder_column fusion-builder-column-1 fusion_builder_column_1_2 1_2 fusion-flex-column\"><div class=\"fusion-column-wrapper fusion-flex-justify-content-flex-start fusion-content-layout-column\" style=\"background-position:left top;background-repeat:no-repeat;-webkit-background-size:cover;-moz-background-size:cover;-o-background-size:cover;background-size:cover;padding: 0px 0px 0px 0px;\"><style type=\"text\/css\">@media only screen and (max-width:900px) {.fusion-title.fusion-title-1{margin-top:10px!important;margin-bottom:15px!important;}}@media only screen and (max-width:640px) {.fusion-title.fusion-title-1{margin-top:10px!important;margin-bottom:10px!important;}}<\/style><div class=\"fusion-title title fusion-title-1 fusion-sep-none fusion-title-text fusion-title-size-one\" style=\"margin-top:10px;margin-bottom:15px;\"><h1 class=\"title-heading-left\" style=\"margin:0;\">Reserva nuestra Sala<\/h1><\/div><div class=\"fusion-text fusion-text-1\" style=\"transform:translate3d(0,0,0);\"><p>Sala de estilo premodernista, de 35\u202fm\u00b2. Dispone de amplia balconada ideal tanto para mover material como para filmar.<\/p>\n<p>Con el alquiler de la sala se incluye una sala de espera aneja, de uso para el equipo t\u00e9cnico, con pantalla de TV desde donde se puede ver el material filmado y un WC. Tambi\u00e9n puede ser utilizada para rodar escenas.<\/p>\n<p>Hay una habitaci\u00f3n extra con ordenadores de edici\u00f3n que podr\u00e1 usar el DIT con previo aviso por parte de la productora solicitante.<\/p>\n<\/div><\/div><\/div><style type=\"text\/css\">.fusion-body .fusion-builder-column-1{width:50% !important;margin-top : 0px;margin-bottom : 20px;}.fusion-builder-column-1 > .fusion-column-wrapper {padding-top : 0px !important;padding-right : 0px !important;margin-right : 3.84%;padding-bottom : 0px !important;padding-left : 0px !important;margin-left : 3.84%;}@media only screen and (max-width:900px) {.fusion-body .fusion-builder-column-1{width:100% !important;order : 0;}.fusion-builder-column-1 > .fusion-column-wrapper {margin-right : 1.92%;margin-left : 1.92%;}}@media only screen and (max-width:640px) {.fusion-body .fusion-builder-column-1{width:100% !important;order : 0;}.fusion-builder-column-1 > .fusion-column-wrapper {margin-right : 1.92%;margin-left : 1.92%;}}<\/style><div class=\"fusion-layout-column fusion_builder_column fusion-builder-column-2 fusion_builder_column_1_2 1_2 fusion-flex-column\"><div class=\"fusion-column-wrapper fusion-flex-justify-content-flex-start fusion-content-layout-column\" style=\"background-position:left top;background-repeat:no-repeat;-webkit-background-size:cover;-moz-background-size:cover;-o-background-size:cover;background-size:cover;padding: 0px 0px 0px 0px;\"><div role=\"form\" class=\"wpcf7\" id=\"wpcf7-f2237-o1\" lang=\"es-ES\" dir=\"ltr\">\n<div class=\"screen-reader-response\"><p role=\"status\" aria-live=\"polite\" aria-atomic=\"true\"><\/p> <ul><\/ul><\/div>\n<form action=\"\/es\/wp-json\/wp\/v2\/pages\/2339#wpcf7-f2237-o1\" method=\"post\" class=\"wpcf7-form init\" novalidate=\"novalidate\" data-status=\"init\">\n<div style=\"display: none;\">\n<input type=\"hidden\" name=\"_wpcf7\" value=\"2237\" \/>\n<input type=\"hidden\" name=\"_wpcf7_version\" value=\"5.4.2\" \/>\n<input type=\"hidden\" name=\"_wpcf7_locale\" value=\"es_ES\" \/>\n<input type=\"hidden\" name=\"_wpcf7_unit_tag\" value=\"wpcf7-f2237-o1\" \/>\n<input type=\"hidden\" name=\"_wpcf7_container_post\" value=\"0\" \/>\n<input type=\"hidden\" name=\"_wpcf7_posted_data_hash\" value=\"\" \/>\n<\/div>\n<p><label> Nom<br \/>\n    <span class=\"wpcf7-form-control-wrap your-name\"><input type=\"text\" name=\"your-name\" value=\"\" size=\"40\" class=\"wpcf7-form-control wpcf7-text wpcf7-validates-as-required\" aria-required=\"true\" aria-invalid=\"false\" \/><\/span> <\/label><\/p>\n<p><label> Correu electr\u00f2nic<br \/>\n    <span class=\"wpcf7-form-control-wrap your-email\"><input type=\"email\" name=\"your-email\" value=\"\" size=\"40\" class=\"wpcf7-form-control wpcf7-text wpcf7-email wpcf7-validates-as-required wpcf7-validates-as-email\" aria-required=\"true\" aria-invalid=\"false\" \/><\/span> <\/label><\/p>\n<p><label> Tel\u00e8fon<br \/>\n   <span class=\"wpcf7-form-control-wrap tel-540\"><input type=\"tel\" name=\"tel-540\" value=\"\" size=\"40\" class=\"wpcf7-form-control wpcf7-text wpcf7-tel wpcf7-validates-as-required wpcf7-validates-as-tel\" aria-required=\"true\" aria-invalid=\"false\" \/><\/span> <\/label><\/p>\n<p><label> Missatge: Quin dia i hora vols reservar la sala?<br \/>\n    <span class=\"wpcf7-form-control-wrap your-message\"><textarea name=\"your-message\" cols=\"40\" rows=\"10\" class=\"wpcf7-form-control wpcf7-textarea wpcf7-validates-as-required\" aria-required=\"true\" aria-invalid=\"false\"><\/textarea><\/span> <\/label><br \/>\n<span class=\"wpcf7-form-control-wrap politiques\"><span class=\"wpcf7-form-control wpcf7-acceptance\"><span class=\"wpcf7-list-item\"><label><input type=\"checkbox\" name=\"politiques\" value=\"1\" aria-invalid=\"false\" \/><span class=\"wpcf7-list-item-label\">He llegit i accepto les <a ahref=\"https:\/\/filmsenoff.com\/politica-de-privadesa\/\">pol\u00edtiques de Privadesa<\/a><\/span><\/label><\/span><\/span><\/span><br \/>\n<span class=\"wpcf7-form-control-wrap avis\"><span class=\"wpcf7-form-control wpcf7-acceptance\"><span class=\"wpcf7-list-item\"><label><input type=\"checkbox\" name=\"avis\" value=\"1\" aria-invalid=\"false\" \/><span class=\"wpcf7-list-item-label\">He llegit i accepto <a ahref=\"https:\/\/filmsenoff.com\/politica-de-privadesa\/\"https:\/\/filmsenoff.com\/avis-legal-i-condicions-dus-del-portal\/\">l'Av\u00eds legal d'\u00fas del portal<\/a><\/span><\/label><\/span><\/span><\/span><br \/>\n<input type=\"submit\" value=\"Enviar\" class=\"wpcf7-form-control wpcf7-submit\" \/><\/p>\n<div class=\"fusion-alert alert custom alert-custom fusion-alert-center wpcf7-response-output alert-dismissable\" style=\"border-width:1px;\"><button type=\"button\" class=\"close toggle-alert\" data-dismiss=\"alert\" aria-hidden=\"true\">&times;<\/button><div class=\"fusion-alert-content-wrapper\"><span class=\"fusion-alert-content\"><\/span><\/div><\/div><\/form><\/div><\/div><\/div><style type=\"text\/css\">.fusion-body .fusion-builder-column-2{width:50% !important;margin-top : 0px;margin-bottom : 20px;}.fusion-builder-column-2 > .fusion-column-wrapper {padding-top : 0px !important;padding-right : 0px !important;margin-right : 3.84%;padding-bottom : 0px !important;padding-left : 0px !important;margin-left : 3.84%;}@media only screen and (max-width:900px) {.fusion-body .fusion-builder-column-2{width:100% !important;order : 0;}.fusion-builder-column-2 > .fusion-column-wrapper {margin-right : 1.92%;margin-left : 1.92%;}}@media only screen and (max-width:640px) {.fusion-body .fusion-builder-column-2{width:100% !important;order : 0;}.fusion-builder-column-2 > .fusion-column-wrapper {margin-right : 1.92%;margin-left : 1.92%;}}<\/style><\/div><style type=\"text\/css\">.fusion-body .fusion-flex-container.fusion-builder-row-2{ padding-top : 0px;margin-top : 0px;padding-right : 0px;padding-bottom : 0px;margin-bottom : 0px;padding-left : 0px;}<\/style><\/div><\/p>\n","protected":false},"excerpt":{"rendered":"","protected":false},"author":1,"featured_media":2632,"parent":0,"menu_order":0,"comment_status":"closed","ping_status":"closed","template":"","meta":{"footnotes":""},"class_list":["post-2339","page","type-page","status-publish","has-post-thumbnail","hentry"],"yoast_head":"<!-- This site is optimized with the Yoast SEO plugin v24.7 - https:\/\/yoast.com\/wordpress\/plugins\/seo\/ -->\n<title>Reserva la sala - FILMS EN OFF<\/title>\n<meta name=\"robots\" content=\"index, follow, max-snippet:-1, max-image-preview:large, max-video-preview:-1\" \/>\n<link rel=\"canonical\" href=\"https:\/\/filmsenoff.com\/es\/reserva-la-sala\/\" \/>\n<meta property=\"og:locale\" content=\"es_ES\" \/>\n<meta property=\"og:type\" content=\"article\" \/>\n<meta property=\"og:title\" content=\"Reserva la sala - FILMS EN OFF\" \/>\n<meta property=\"og:url\" content=\"https:\/\/filmsenoff.com\/reserva-la-sala\/\" \/>\n<meta property=\"og:site_name\" content=\"FILMS EN OFF\" \/>\n<meta property=\"article:modified_time\" content=\"2022-03-17T16:03:19+00:00\" \/>\n<meta property=\"og:image\" content=\"https:\/\/filmsenoff.com\/wp-content\/uploads\/2022\/03\/DSC_0052-scaled.jpg\" \/>\n\t<meta property=\"og:image:width\" content=\"2560\" \/>\n\t<meta property=\"og:image:height\" content=\"1702\" \/>\n\t<meta property=\"og:image:type\" content=\"image\/jpeg\" \/>\n<meta name=\"twitter:card\" content=\"summary_large_image\" \/>\n<meta name=\"twitter:label1\" content=\"Tiempo de lectura\" \/>\n\t<meta name=\"twitter:data1\" content=\"8 minutos\" \/>\n<script type=\"application\/ld+json\" class=\"yoast-schema-graph\">{\"@context\":\"https:\/\/schema.org\",\"@graph\":[{\"@type\":\"WebPage\",\"@id\":\"https:\/\/filmsenoff.com\/reserva-la-sala\/\",\"url\":\"https:\/\/filmsenoff.com\/reserva-la-sala\/\",\"name\":\"Reserva la sala - FILMS EN OFF\",\"isPartOf\":{\"@id\":\"https:\/\/filmsenoff.com\/#website\"},\"primaryImageOfPage\":{\"@id\":\"https:\/\/filmsenoff.com\/reserva-la-sala\/#primaryimage\"},\"image\":{\"@id\":\"https:\/\/filmsenoff.com\/reserva-la-sala\/#primaryimage\"},\"thumbnailUrl\":\"https:\/\/filmsenoff.com\/wp-content\/uploads\/2022\/03\/DSC_0052-scaled.jpg\",\"datePublished\":\"2022-02-08T15:41:35+00:00\",\"dateModified\":\"2022-03-17T16:03:19+00:00\",\"breadcrumb\":{\"@id\":\"https:\/\/filmsenoff.com\/reserva-la-sala\/#breadcrumb\"},\"inLanguage\":\"es\",\"potentialAction\":[{\"@type\":\"ReadAction\",\"target\":[\"https:\/\/filmsenoff.com\/reserva-la-sala\/\"]}]},{\"@type\":\"ImageObject\",\"inLanguage\":\"es\",\"@id\":\"https:\/\/filmsenoff.com\/reserva-la-sala\/#primaryimage\",\"url\":\"https:\/\/filmsenoff.com\/wp-content\/uploads\/2022\/03\/DSC_0052-scaled.jpg\",\"contentUrl\":\"https:\/\/filmsenoff.com\/wp-content\/uploads\/2022\/03\/DSC_0052-scaled.jpg\",\"width\":2560,\"height\":1702},{\"@type\":\"BreadcrumbList\",\"@id\":\"https:\/\/filmsenoff.com\/reserva-la-sala\/#breadcrumb\",\"itemListElement\":[{\"@type\":\"ListItem\",\"position\":1,\"name\":\"Portada\",\"item\":\"https:\/\/filmsenoff.com\/es\/\"},{\"@type\":\"ListItem\",\"position\":2,\"name\":\"Reserva la sala\"}]},{\"@type\":\"WebSite\",\"@id\":\"https:\/\/filmsenoff.com\/#website\",\"url\":\"https:\/\/filmsenoff.com\/\",\"name\":\"FILMS EN OFF\",\"description\":\"Creiem en el cinema\",\"potentialAction\":[{\"@type\":\"SearchAction\",\"target\":{\"@type\":\"EntryPoint\",\"urlTemplate\":\"https:\/\/filmsenoff.com\/?s={search_term_string}\"},\"query-input\":{\"@type\":\"PropertyValueSpecification\",\"valueRequired\":true,\"valueName\":\"search_term_string\"}}],\"inLanguage\":\"es\"}]}<\/script>\n<!-- \/ Yoast SEO plugin. -->","yoast_head_json":{"title":"Reserva la sala - FILMS EN OFF","robots":{"index":"index","follow":"follow","max-snippet":"max-snippet:-1","max-image-preview":"max-image-preview:large","max-video-preview":"max-video-preview:-1"},"canonical":"https:\/\/filmsenoff.com\/es\/reserva-la-sala\/","og_locale":"es_ES","og_type":"article","og_title":"Reserva la sala - FILMS EN OFF","og_url":"https:\/\/filmsenoff.com\/reserva-la-sala\/","og_site_name":"FILMS EN OFF","article_modified_time":"2022-03-17T16:03:19+00:00","og_image":[{"width":2560,"height":1702,"url":"https:\/\/filmsenoff.com\/wp-content\/uploads\/2022\/03\/DSC_0052-scaled.jpg","type":"image\/jpeg"}],"twitter_card":"summary_large_image","twitter_misc":{"Tiempo de lectura":"8 minutos"},"schema":{"@context":"https:\/\/schema.org","@graph":[{"@type":"WebPage","@id":"https:\/\/filmsenoff.com\/reserva-la-sala\/","url":"https:\/\/filmsenoff.com\/reserva-la-sala\/","name":"Reserva la sala - FILMS EN OFF","isPartOf":{"@id":"https:\/\/filmsenoff.com\/#website"},"primaryImageOfPage":{"@id":"https:\/\/filmsenoff.com\/reserva-la-sala\/#primaryimage"},"image":{"@id":"https:\/\/filmsenoff.com\/reserva-la-sala\/#primaryimage"},"thumbnailUrl":"https:\/\/filmsenoff.com\/wp-content\/uploads\/2022\/03\/DSC_0052-scaled.jpg","datePublished":"2022-02-08T15:41:35+00:00","dateModified":"2022-03-17T16:03:19+00:00","breadcrumb":{"@id":"https:\/\/filmsenoff.com\/reserva-la-sala\/#breadcrumb"},"inLanguage":"es","potentialAction":[{"@type":"ReadAction","target":["https:\/\/filmsenoff.com\/reserva-la-sala\/"]}]},{"@type":"ImageObject","inLanguage":"es","@id":"https:\/\/filmsenoff.com\/reserva-la-sala\/#primaryimage","url":"https:\/\/filmsenoff.com\/wp-content\/uploads\/2022\/03\/DSC_0052-scaled.jpg","contentUrl":"https:\/\/filmsenoff.com\/wp-content\/uploads\/2022\/03\/DSC_0052-scaled.jpg","width":2560,"height":1702},{"@type":"BreadcrumbList","@id":"https:\/\/filmsenoff.com\/reserva-la-sala\/#breadcrumb","itemListElement":[{"@type":"ListItem","position":1,"name":"Portada","item":"https:\/\/filmsenoff.com\/es\/"},{"@type":"ListItem","position":2,"name":"Reserva la sala"}]},{"@type":"WebSite","@id":"https:\/\/filmsenoff.com\/#website","url":"https:\/\/filmsenoff.com\/","name":"FILMS EN OFF","description":"Creiem en el cinema","potentialAction":[{"@type":"SearchAction","target":{"@type":"EntryPoint","urlTemplate":"https:\/\/filmsenoff.com\/?s={search_term_string}"},"query-input":{"@type":"PropertyValueSpecification","valueRequired":true,"valueName":"search_term_string"}}],"inLanguage":"es"}]}},"_links":{"self":[{"href":"https:\/\/filmsenoff.com\/es\/wp-json\/wp\/v2\/pages\/2339","targetHints":{"allow":["GET"]}}],"collection":[{"href":"https:\/\/filmsenoff.com\/es\/wp-json\/wp\/v2\/pages"}],"about":[{"href":"https:\/\/filmsenoff.com\/es\/wp-json\/wp\/v2\/types\/page"}],"author":[{"embeddable":true,"href":"https:\/\/filmsenoff.com\/es\/wp-json\/wp\/v2\/users\/1"}],"replies":[{"embeddable":true,"href":"https:\/\/filmsenoff.com\/es\/wp-json\/wp\/v2\/comments?post=2339"}],"version-history":[{"count":5,"href":"https:\/\/filmsenoff.com\/es\/wp-json\/wp\/v2\/pages\/2339\/revisions"}],"predecessor-version":[{"id":2634,"href":"https:\/\/filmsenoff.com\/es\/wp-json\/wp\/v2\/pages\/2339\/revisions\/2634"}],"wp:featuredmedia":[{"embeddable":true,"href":"https:\/\/filmsenoff.com\/es\/wp-json\/wp\/v2\/media\/2632"}],"wp:attachment":[{"href":"https:\/\/filmsenoff.com\/es\/wp-json\/wp\/v2\/media?parent=2339"}],"curies":[{"name":"wp","href":"https:\/\/api.w.org\/{rel}","templated":true}]}}